{"id":68,"date":"2023-12-21T15:44:40","date_gmt":"2023-12-21T15:44:40","guid":{"rendered":"https:\/\/dourocaptain.pt\/wp\/?page_id=68"},"modified":"2025-07-04T10:52:15","modified_gmt":"2025-07-04T09:52:15","slug":"contactos","status":"publish","type":"page","link":"https:\/\/dourocaptain.pt\/en\/contactos\/","title":{"rendered":"Contacts"},"content":{"rendered":"<div data-elementor-type=\"wp-page\" data-elementor-id=\"68\" class=\"elementor elementor-68\" data-elementor-post-type=\"page\">\n\t\t\t\t<div class=\"elementor-element elementor-element-15ef3f8 e-flex e-con-boxed wpr-particle-no wpr-jarallax-no wpr-parallax-no wpr-sticky-section-no e-con e-parent\" data-id=\"15ef3f8\" data-element_type=\"container\">\n\t\t\t\t\t<div class=\"e-con-inner\">\n\t\t\t\t<div class=\"elementor-element elementor-element-7af5c27 elementor-widget__width-inherit elementor-invisible elementor-widget elementor-widget-heading\" data-id=\"7af5c27\" data-element_type=\"widget\" data-settings=\"{&quot;_animation&quot;:&quot;fadeInDown&quot;}\" data-widget_type=\"heading.default\">\n\t\t\t\t<div class=\"elementor-widget-container\">\n\t\t\t\t\t<h2 class=\"elementor-heading-title elementor-size-default\">Contacts<\/h2>\t\t\t\t<\/div>\n\t\t\t\t<\/div>\n\t\t\t\t<div class=\"elementor-element elementor-element-1fd1985 elementor-widget__width-inherit elementor-widget elementor-widget-heading\" data-id=\"1fd1985\" data-element_type=\"widget\" data-widget_type=\"heading.default\">\n\t\t\t\t<div class=\"elementor-widget-container\">\n\t\t\t\t\t<h2 class=\"elementor-heading-title elementor-size-default\">Get in touch with us through our customer service channels <\/h2>\t\t\t\t<\/div>\n\t\t\t\t<\/div>\n\t\t<div class=\"elementor-element elementor-element-58a2c97 e-con-full e-flex wpr-particle-no wpr-jarallax-no wpr-parallax-no wpr-sticky-section-no e-con e-child\" data-id=\"58a2c97\" data-element_type=\"container\">\n\t\t\t\t<div class=\"elementor-element elementor-element-2aa56de elementor-widget__width-initial elementor-icon-list--layout-traditional elementor-list-item-link-full_width elementor-widget elementor-widget-icon-list\" data-id=\"2aa56de\" data-element_type=\"widget\" data-widget_type=\"icon-list.default\">\n\t\t\t\t<div class=\"elementor-widget-container\">\n\t\t\t\t\t\t\t<ul class=\"elementor-icon-list-items\">\n\t\t\t\t\t\t\t<li class=\"elementor-icon-list-item\">\n\t\t\t\t\t\t\t\t\t\t\t<a href=\"https:\/\/maps.app.goo.gl\/7YAUJ3yHboJaN43s7\">\n\n\t\t\t\t\t\t\t\t\t\t\t\t<span class=\"elementor-icon-list-icon\">\n\t\t\t\t\t\t\t<svg aria-hidden=\"true\" class=\"e-font-icon-svg e-fas-map-marker-alt\" viewbox=\"0 0 384 512\" xmlns=\"http:\/\/www.w3.org\/2000\/svg\"><path d=\"M172.268 501.67C26.97 291.031 0 269.413 0 192 0 85.961 85.961 0 192 0s192 85.961 192 192c0 77.413-26.97 99.031-172.268 309.67-9.535 13.774-29.93 13.773-39.464 0zM192 272c44.183 0 80-35.817 80-80s-35.817-80-80-80-80 35.817-80 80 35.817 80 80 80z\"><\/path><\/svg>\t\t\t\t\t\t<\/span>\n\t\t\t\t\t\t\t\t\t\t<span class=\"elementor-icon-list-text\">Rua da Praia Douro Marina -  Vila Nova de Gaia\u00a0<\/span>\n\t\t\t\t\t\t\t\t\t\t\t<\/a>\n\t\t\t\t\t\t\t\t\t<\/li>\n\t\t\t\t\t\t\t\t<li class=\"elementor-icon-list-item\">\n\t\t\t\t\t\t\t\t\t\t\t<span class=\"elementor-icon-list-icon\">\n\t\t\t\t\t\t\t<svg aria-hidden=\"true\" class=\"e-font-icon-svg e-far-envelope\" viewbox=\"0 0 512 512\" xmlns=\"http:\/\/www.w3.org\/2000\/svg\"><path d=\"M464 64H48C21.49 64 0 85.49 0 112v288c0 26.51 21.49 48 48 48h416c26.51 0 48-21.49 48-48V112c0-26.51-21.49-48-48-48zm0 48v40.805c-22.422 18.259-58.168 46.651-134.587 106.49-16.841 13.247-50.201 45.072-73.413 44.701-23.208.375-56.579-31.459-73.413-44.701C106.18 199.465 70.425 171.067 48 152.805V112h416zM48 400V214.398c22.914 18.251 55.409 43.862 104.938 82.646 21.857 17.205 60.134 55.186 103.062 54.955 42.717.231 80.509-37.199 103.053-54.947 49.528-38.783 82.032-64.401 104.947-82.653V400H48z\"><\/path><\/svg>\t\t\t\t\t\t<\/span>\n\t\t\t\t\t\t\t\t\t\t<span class=\"elementor-icon-list-text\">dourocaptain@gmail.com<\/span>\n\t\t\t\t\t\t\t\t\t<\/li>\n\t\t\t\t\t\t\t\t<li class=\"elementor-icon-list-item\">\n\t\t\t\t\t\t\t\t\t\t\t<a href=\"https:\/\/wa.link\/wbgnis\">\n\n\t\t\t\t\t\t\t\t\t\t\t\t<span class=\"elementor-icon-list-icon\">\n\t\t\t\t\t\t\t<svg aria-hidden=\"true\" class=\"e-font-icon-svg e-fas-phone-alt\" viewbox=\"0 0 512 512\" xmlns=\"http:\/\/www.w3.org\/2000\/svg\"><path d=\"M497.39 361.8l-112-48a24 24 0 0 0-28 6.9l-49.6 60.6A370.66 370.66 0 0 1 130.6 204.11l60.6-49.6a23.94 23.94 0 0 0 6.9-28l-48-112A24.16 24.16 0 0 0 122.6.61l-104 24A24 24 0 0 0 0 48c0 256.5 207.9 464 464 464a24 24 0 0 0 23.4-18.6l24-104a24.29 24.29 0 0 0-14.01-27.6z\"><\/path><\/svg>\t\t\t\t\t\t<\/span>\n\t\t\t\t\t\t\t\t\t\t<span class=\"elementor-icon-list-text\">+351 960 176 574 (national mobile network call cost)<\/span>\n\t\t\t\t\t\t\t\t\t\t\t<\/a>\n\t\t\t\t\t\t\t\t\t<\/li>\n\t\t\t\t\t\t<\/ul>\n\t\t\t\t\t\t<\/div>\n\t\t\t\t<\/div>\n\t\t\t\t<div class=\"elementor-element elementor-element-66c96af elementor-widget elementor-widget-button\" data-id=\"66c96af\" data-element_type=\"widget\" data-widget_type=\"button.default\">\n\t\t\t\t<div class=\"elementor-widget-container\">\n\t\t\t\t\t\t\t\t\t<div class=\"elementor-button-wrapper\">\n\t\t\t\t\t<a class=\"elementor-button elementor-button-link elementor-size-sm\" href=\"https:\/\/wa.link\/wbgnis\" target=\"_blank\">\n\t\t\t\t\t\t<span class=\"elementor-button-content-wrapper\">\n\t\t\t\t\t\t<span class=\"elementor-button-icon\">\n\t\t\t\t<svg aria-hidden=\"true\" class=\"e-font-icon-svg e-fab-whatsapp\" viewbox=\"0 0 448 512\" xmlns=\"http:\/\/www.w3.org\/2000\/svg\"><path d=\"M380.9 97.1C339 55.1 283.2 32 223.9 32c-122.4 0-222 99.6-222 222 0 39.1 10.2 77.3 29.6 111L0 480l117.7-30.9c32.4 17.7 68.9 27 106.1 27h.1c122.3 0 224.1-99.6 224.1-222 0-59.3-25.2-115-67.1-157zm-157 341.6c-33.2 0-65.7-8.9-94-25.7l-6.7-4-69.8 18.3L72 359.2l-4.4-7c-18.5-29.4-28.2-63.3-28.2-98.2 0-101.7 82.8-184.5 184.6-184.5 49.3 0 95.6 19.2 130.4 54.1 34.8 34.9 56.2 81.2 56.1 130.5 0 101.8-84.9 184.6-186.6 184.6zm101.2-138.2c-5.5-2.8-32.8-16.2-37.9-18-5.1-1.9-8.8-2.8-12.5 2.8-3.7 5.6-14.3 18-17.6 21.8-3.2 3.7-6.5 4.2-12 1.4-32.6-16.3-54-29.1-75.5-66-5.7-9.8 5.7-9.1 16.3-30.3 1.8-3.7.9-6.9-.5-9.7-1.4-2.8-12.5-30.1-17.1-41.2-4.5-10.8-9.1-9.3-12.5-9.5-3.2-.2-6.9-.2-10.6-.2-3.7 0-9.7 1.4-14.8 6.9-5.1 5.6-19.4 19-19.4 46.3 0 27.3 19.9 53.7 22.6 57.4 2.8 3.7 39.1 59.7 94.8 83.8 35.2 15.2 49 16.5 66.6 13.9 10.7-1.6 32.8-13.4 37.4-26.4 4.6-13 4.6-24.1 3.2-26.4-1.3-2.5-5-3.9-10.5-6.6z\"><\/path><\/svg>\t\t\t<\/span>\n\t\t\t\t\t\t\t\t\t<span class=\"elementor-button-text\">+351 960 176 574<\/span>\n\t\t\t\t\t<\/span>\n\t\t\t\t\t<\/a>\n\t\t\t\t<\/div>\n\t\t\t\t\t\t\t\t<\/div>\n\t\t\t\t<\/div>\n\t\t\t\t<\/div>\n\t\t<div class=\"elementor-element elementor-element-33a0d2d e-con-full e-flex wpr-particle-no wpr-jarallax-no wpr-parallax-no wpr-sticky-section-no e-con e-child\" data-id=\"33a0d2d\" data-element_type=\"container\">\n\t\t\t\t<div class=\"elementor-element elementor-element-6e3bf49 elementor-view-default elementor-position-top elementor-mobile-position-top elementor-invisible elementor-widget elementor-widget-icon-box\" data-id=\"6e3bf49\" data-element_type=\"widget\" data-settings=\"{&quot;_animation&quot;:&quot;fadeIn&quot;}\" data-widget_type=\"icon-box.default\">\n\t\t\t\t<div class=\"elementor-widget-container\">\n\t\t\t\t\t\t\t<div class=\"elementor-icon-box-wrapper\">\n\n\t\t\t\t\t\t<div class=\"elementor-icon-box-icon\">\n\t\t\t\t<span  class=\"elementor-icon\">\n\t\t\t\t<svg aria-hidden=\"true\" class=\"e-font-icon-svg e-fas-map-marker-alt\" viewbox=\"0 0 384 512\" xmlns=\"http:\/\/www.w3.org\/2000\/svg\"><path d=\"M172.268 501.67C26.97 291.031 0 269.413 0 192 0 85.961 85.961 0 192 0s192 85.961 192 192c0 77.413-26.97 99.031-172.268 309.67-9.535 13.774-29.93 13.773-39.464 0zM192 272c44.183 0 80-35.817 80-80s-35.817-80-80-80-80 35.817-80 80 35.817 80 80 80z\"><\/path><\/svg>\t\t\t\t<\/span>\n\t\t\t<\/div>\n\t\t\t\n\t\t\t\t\t\t<div class=\"elementor-icon-box-content\">\n\n\t\t\t\t\t\t\t\t\t<h3 class=\"elementor-icon-box-title\">\n\t\t\t\t\t\t<span  >\n\t\t\t\t\t\t\tDOCA C\t\t\t\t\t\t<\/span>\n\t\t\t\t\t<\/h3>\n\t\t\t\t\n\t\t\t\t\t\t\t\t\t<p class=\"elementor-icon-box-description\">\n\t\t\t\t\t\tUpon arrival for your tour, head to Dock C, clearly marked as shown in the images. This is where our team will be waiting to welcome you aboard.\t\t\t\t\t<\/p>\n\t\t\t\t\n\t\t\t<\/div>\n\t\t\t\n\t\t<\/div>\n\t\t\t\t\t\t<\/div>\n\t\t\t\t<\/div>\n\t\t\t\t<\/div>\n\t\t<div class=\"elementor-element elementor-element-107ce27 e-con-full e-flex wpr-particle-no wpr-jarallax-no wpr-parallax-no wpr-sticky-section-no elementor-invisible e-con e-child\" data-id=\"107ce27\" data-element_type=\"container\" data-settings=\"{&quot;animation&quot;:&quot;fadeInRight&quot;}\">\n\t\t<div class=\"elementor-element elementor-element-184a154 e-grid e-con-full wpr-particle-no wpr-jarallax-no wpr-parallax-no wpr-sticky-section-no e-con e-child\" data-id=\"184a154\" data-element_type=\"container\">\n\t\t\t\t<div class=\"elementor-element elementor-element-ff8283e elementor-widget elementor-widget-image\" data-id=\"ff8283e\" data-element_type=\"widget\" data-widget_type=\"image.default\">\n\t\t\t\t<div class=\"elementor-widget-container\">\n\t\t\t\t\t\t\t\t\t\t\t\t\t\t\t<img fetchpriority=\"high\" decoding=\"async\" width=\"330\" height=\"440\" src=\"https:\/\/dourocaptain.pt\/wp-content\/uploads\/2025\/06\/5.png\" class=\"attachment-full size-full wp-image-1772\" alt=\"\" srcset=\"https:\/\/dourocaptain.pt\/wp-content\/uploads\/2025\/06\/5.png 330w, https:\/\/dourocaptain.pt\/wp-content\/uploads\/2025\/06\/5-225x300.png 225w\" sizes=\"(max-width: 330px) 100vw, 330px\" \/>\t\t\t\t\t\t\t\t\t\t\t\t\t\t\t<\/div>\n\t\t\t\t<\/div>\n\t\t\t\t<div class=\"elementor-element elementor-element-736cab2 elementor-widget elementor-widget-image\" data-id=\"736cab2\" data-element_type=\"widget\" data-widget_type=\"image.default\">\n\t\t\t\t<div class=\"elementor-widget-container\">\n\t\t\t\t\t\t\t\t\t\t\t\t\t\t\t<img decoding=\"async\" width=\"330\" height=\"440\" src=\"https:\/\/dourocaptain.pt\/wp-content\/uploads\/2025\/05\/5.jpg\" class=\"attachment-full size-full wp-image-806\" alt=\"\" srcset=\"https:\/\/dourocaptain.pt\/wp-content\/uploads\/2025\/05\/5.jpg 330w, https:\/\/dourocaptain.pt\/wp-content\/uploads\/2025\/05\/5-225x300.jpg 225w\" sizes=\"(max-width: 330px) 100vw, 330px\" \/>\t\t\t\t\t\t\t\t\t\t\t\t\t\t\t<\/div>\n\t\t\t\t<\/div>\n\t\t\t\t<\/div>\n\t\t\t\t<\/div>\n\t\t\t\t\t<\/div>\n\t\t\t\t<\/div>\n\t\t<div class=\"elementor-element elementor-element-bb5698f e-flex e-con-boxed wpr-particle-no wpr-jarallax-no wpr-parallax-no wpr-sticky-section-no elementor-invisible e-con e-parent\" data-id=\"bb5698f\" data-element_type=\"container\" data-settings=\"{&quot;animation&quot;:&quot;fadeIn&quot;}\">\n\t\t\t\t\t<div class=\"e-con-inner\">\n\t\t<div class=\"elementor-element elementor-element-41a02f0 e-con-full e-flex wpr-particle-no wpr-jarallax-no wpr-parallax-no wpr-sticky-section-no e-con e-child\" data-id=\"41a02f0\" data-element_type=\"container\">\n\t\t\t\t<div class=\"elementor-element elementor-element-b1199db elementor-button-align-stretch elementor-widget elementor-widget-form\" data-id=\"b1199db\" data-element_type=\"widget\" data-settings=\"{&quot;step_next_label&quot;:&quot;Next&quot;,&quot;step_previous_label&quot;:&quot;Previous&quot;,&quot;button_width&quot;:&quot;100&quot;,&quot;step_type&quot;:&quot;number_text&quot;,&quot;step_icon_shape&quot;:&quot;circle&quot;}\" data-widget_type=\"form.default\">\n\t\t\t\t<div class=\"elementor-widget-container\">\n\t\t\t\t\t\t\t<form class=\"elementor-form\" method=\"post\" name=\"Formul\u00e1rio Contacto\" action=\"\">\n\t\t\t<input type=\"hidden\" name=\"post_id\" value=\"68\"\/>\n\t\t\t<input type=\"hidden\" name=\"form_id\" value=\"b1199db\"\/>\n\t\t\t<input type=\"hidden\" name=\"referer_title\" value=\"Douro Captain\" \/>\n\n\t\t\t\n\t\t\t<div class=\"elementor-form-fields-wrapper elementor-labels-\">\n\t\t\t\t\t\t\t\t<div class=\"elementor-field-type-text elementor-field-group elementor-column elementor-field-group-name elementor-col-100 elementor-field-required\">\n\t\t\t\t\t\t\t\t\t\t\t\t<label for=\"form-field-name\" class=\"elementor-field-label elementor-screen-only\">\n\t\t\t\t\t\t\t\tName\t\t\t\t\t\t\t<\/label>\n\t\t\t\t\t\t\t\t\t\t\t\t\t\t<input size=\"1\" type=\"text\" name=\"form_fields[name]\" id=\"form-field-name\" class=\"elementor-field elementor-size-sm  elementor-field-textual\" placeholder=\"Name\" required=\"required\">\n\t\t\t\t\t\t\t\t\t\t\t<\/div>\n\t\t\t\t\t\t\t\t<div class=\"elementor-field-type-email elementor-field-group elementor-column elementor-field-group-email elementor-col-100 elementor-field-required\">\n\t\t\t\t\t\t\t\t\t\t\t\t<label for=\"form-field-email\" class=\"elementor-field-label elementor-screen-only\">\n\t\t\t\t\t\t\t\tE- mail\t\t\t\t\t\t\t<\/label>\n\t\t\t\t\t\t\t\t\t\t\t\t\t\t<input size=\"1\" type=\"email\" name=\"form_fields[email]\" id=\"form-field-email\" class=\"elementor-field elementor-size-sm  elementor-field-textual\" placeholder=\"E-mail\" required=\"required\">\n\t\t\t\t\t\t\t\t\t\t\t<\/div>\n\t\t\t\t\t\t\t\t<div class=\"elementor-field-type-textarea elementor-field-group elementor-column elementor-field-group-message elementor-col-100 elementor-field-required\">\n\t\t\t\t\t\t\t\t\t\t\t\t<label for=\"form-field-message\" class=\"elementor-field-label elementor-screen-only\">\n\t\t\t\t\t\t\t\tMessage\t\t\t\t\t\t\t<\/label>\n\t\t\t\t\t\t<textarea class=\"elementor-field-textual elementor-field  elementor-size-sm\" name=\"form_fields[message]\" id=\"form-field-message\" rows=\"4\" placeholder=\"Message\" required=\"required\"><\/textarea>\t\t\t\t<\/div>\n\t\t\t\t\t\t\t\t<div class=\"elementor-field-group elementor-column elementor-field-type-submit elementor-col-100 e-form__buttons\">\n\t\t\t\t\t<button class=\"elementor-button elementor-size-sm\" type=\"submit\">\n\t\t\t\t\t\t<span class=\"elementor-button-content-wrapper\">\n\t\t\t\t\t\t\t\t\t\t\t\t\t\t\t\t\t\t\t\t\t\t<span class=\"elementor-button-text\">Send<\/span>\n\t\t\t\t\t\t\t\t\t\t\t\t\t<\/span>\n\t\t\t\t\t<\/button>\n\t\t\t\t<\/div>\n\t\t\t<\/div>\n\t\t<input type=\"hidden\" name=\"trp-form-language\" value=\"en\"\/><\/form>\n\t\t\t\t\t\t<\/div>\n\t\t\t\t<\/div>\n\t\t\t\t<\/div>\n\t\t<div class=\"elementor-element elementor-element-192d99c e-con-full e-flex wpr-particle-no wpr-jarallax-no wpr-parallax-no wpr-sticky-section-no e-con e-child\" data-id=\"192d99c\" data-element_type=\"container\">\n\t\t\t\t<div class=\"elementor-element elementor-element-4bf53a9 elementor-widget-tablet__width-initial elementor-widget elementor-widget-google_maps\" data-id=\"4bf53a9\" data-element_type=\"widget\" data-widget_type=\"google_maps.default\">\n\t\t\t\t<div class=\"elementor-widget-container\">\n\t\t\t\t\t\t\t<div class=\"elementor-custom-embed\">\n\t\t\t<iframe loading=\"lazy\"\n\t\t\t\t\tsrc=\"https:\/\/maps.google.com\/maps?q=R.%20da%20Praia%20430%2C%204400-554%20Vila%20Nova%20de%20Gaia%2C%20Portugal&#038;t=m&#038;z=15&#038;output=embed&#038;iwloc=near\"\n\t\t\t\t\ttitle=\"R. da Praia 430, 4400-554 Vila Nova de Gaia, Portugal\"\n\t\t\t\t\taria-label=\"R. da Praia 430, 4400-554 Vila Nova de Gaia, Portugal\"\n\t\t\t><\/iframe>\n\t\t<\/div>\n\t\t\t\t\t\t<\/div>\n\t\t\t\t<\/div>\n\t\t\t\t<\/div>\n\t\t\t\t\t<\/div>\n\t\t\t\t<\/div>\n\t\t\t\t<\/div>","protected":false},"excerpt":{"rendered":"<p>Contactos Entre em contacto connosco pelos nossos canais de atendimento Rua da Praia Douro Marina &#8211; Vila Nova de Gaia\u00a0 dourocaptain@gmail.com +351 960 176 574 (custo chamada rede m\u00f3vel nacional +351 960 176 574 DOCA C Ao chegar para o seu passeio, dirija-se \u00e0 Doca C , identificada pela sinaliza\u00e7\u00e3o vis\u00edvel conforme mostrado nas imagens. \u00c9 neste ponto que nossa equipe estar\u00e1 \u00e0 sua espera para embarcar.<\/p>","protected":false},"author":1,"featured_media":0,"parent":0,"menu_order":0,"comment_status":"closed","ping_status":"closed","template":"","meta":{"footnotes":""},"class_list":["post-68","page","type-page","status-publish","hentry"],"yoast_head":"<!-- This site is optimized with the Yoast SEO plugin v25.4 - https:\/\/yoast.com\/wordpress\/plugins\/seo\/ -->\n<title>Contactos - Douro Captain<\/title>\n<meta name=\"description\" content=\"p\u00e1gina de contactos Douro Captain, onde pode consultar a localiza\u00e7\u00e3o e as v\u00e1rias formas de entrar em contacto com a Douro Captain\" \/>\n<meta name=\"robots\" content=\"index, follow, max-snippet:-1, max-image-preview:large, max-video-preview:-1\" \/>\n<link rel=\"canonical\" href=\"https:\/\/dourocaptain.pt\/en\/contactos\/\" \/>\n<meta property=\"og:locale\" content=\"en_GB\" \/>\n<meta property=\"og:type\" content=\"article\" \/>\n<meta property=\"og:title\" content=\"Contactos - Douro Captain\" \/>\n<meta property=\"og:description\" content=\"p\u00e1gina de contactos Douro Captain, onde pode consultar a localiza\u00e7\u00e3o e as v\u00e1rias formas de entrar em contacto com a Douro Captain\" \/>\n<meta property=\"og:url\" content=\"https:\/\/dourocaptain.pt\/en\/contactos\/\" \/>\n<meta property=\"og:site_name\" content=\"Douro Captain\" \/>\n<meta property=\"article:publisher\" content=\"https:\/\/www.facebook.com\/dourocaptainweb\" \/>\n<meta property=\"article:modified_time\" content=\"2025-07-04T09:52:15+00:00\" \/>\n<meta property=\"og:image\" content=\"https:\/\/dourocaptain.pt\/wp-content\/uploads\/2025\/06\/5.png\" \/>\n\t<meta property=\"og:image:width\" content=\"330\" \/>\n\t<meta property=\"og:image:height\" content=\"440\" \/>\n\t<meta property=\"og:image:type\" content=\"image\/png\" \/>\n<meta name=\"twitter:card\" content=\"summary_large_image\" \/>\n<meta name=\"twitter:label1\" content=\"Estimated reading time\" \/>\n\t<meta name=\"twitter:data1\" content=\"1 minute\" \/>\n<script type=\"application\/ld+json\" class=\"yoast-schema-graph\">{\"@context\":\"https:\/\/schema.org\",\"@graph\":[{\"@type\":\"WebPage\",\"@id\":\"https:\/\/dourocaptain.pt\/contactos\/\",\"url\":\"https:\/\/dourocaptain.pt\/contactos\/\",\"name\":\"Contactos - Douro Captain\",\"isPartOf\":{\"@id\":\"https:\/\/dourocaptain.pt\/#website\"},\"primaryImageOfPage\":{\"@id\":\"https:\/\/dourocaptain.pt\/contactos\/#primaryimage\"},\"image\":{\"@id\":\"https:\/\/dourocaptain.pt\/contactos\/#primaryimage\"},\"thumbnailUrl\":\"https:\/\/dourocaptain.pt\/wp-content\/uploads\/2025\/06\/5.png\",\"datePublished\":\"2023-12-21T15:44:40+00:00\",\"dateModified\":\"2025-07-04T09:52:15+00:00\",\"description\":\"p\u00e1gina de contactos Douro Captain, onde pode consultar a localiza\u00e7\u00e3o e as v\u00e1rias formas de entrar em contacto com a Douro Captain\",\"breadcrumb\":{\"@id\":\"https:\/\/dourocaptain.pt\/contactos\/#breadcrumb\"},\"inLanguage\":\"en-GB\",\"potentialAction\":[{\"@type\":\"ReadAction\",\"target\":[\"https:\/\/dourocaptain.pt\/contactos\/\"]}]},{\"@type\":\"ImageObject\",\"inLanguage\":\"en-GB\",\"@id\":\"https:\/\/dourocaptain.pt\/contactos\/#primaryimage\",\"url\":\"https:\/\/dourocaptain.pt\/wp-content\/uploads\/2025\/06\/5.png\",\"contentUrl\":\"https:\/\/dourocaptain.pt\/wp-content\/uploads\/2025\/06\/5.png\"},{\"@type\":\"BreadcrumbList\",\"@id\":\"https:\/\/dourocaptain.pt\/contactos\/#breadcrumb\",\"itemListElement\":[{\"@type\":\"ListItem\",\"position\":1,\"name\":\"In\u00edcio\",\"item\":\"https:\/\/dourocaptain.pt\/\"},{\"@type\":\"ListItem\",\"position\":2,\"name\":\"Contactos\"}]},{\"@type\":\"WebSite\",\"@id\":\"https:\/\/dourocaptain.pt\/#website\",\"url\":\"https:\/\/dourocaptain.pt\/\",\"name\":\"Douro Captain\",\"description\":\"My WordPress Blog\",\"publisher\":{\"@id\":\"https:\/\/dourocaptain.pt\/#organization\"},\"alternateName\":\"Douro Captain\",\"potentialAction\":[{\"@type\":\"SearchAction\",\"target\":{\"@type\":\"EntryPoint\",\"urlTemplate\":\"https:\/\/dourocaptain.pt\/?s={search_term_string}\"},\"query-input\":{\"@type\":\"PropertyValueSpecification\",\"valueRequired\":true,\"valueName\":\"search_term_string\"}}],\"inLanguage\":\"en-GB\"},{\"@type\":\"Organization\",\"@id\":\"https:\/\/dourocaptain.pt\/#organization\",\"name\":\"Douro Captain\",\"url\":\"https:\/\/dourocaptain.pt\/\",\"logo\":{\"@type\":\"ImageObject\",\"inLanguage\":\"en-GB\",\"@id\":\"https:\/\/dourocaptain.pt\/#\/schema\/logo\/image\/\",\"url\":\"https:\/\/dourocaptain.pt\/wp-content\/uploads\/2023\/12\/Prancheta-9-e1745331002670.png\",\"contentUrl\":\"https:\/\/dourocaptain.pt\/wp-content\/uploads\/2023\/12\/Prancheta-9-e1745331002670.png\",\"width\":155,\"height\":208,\"caption\":\"Douro Captain\"},\"image\":{\"@id\":\"https:\/\/dourocaptain.pt\/#\/schema\/logo\/image\/\"},\"sameAs\":[\"https:\/\/www.facebook.com\/dourocaptainweb\",\"https:\/\/www.instagram.com\/dourocaptain\/#\"]}]}<\/script>\n<!-- \/ Yoast SEO plugin. -->","yoast_head_json":{"title":"Contactos - Douro Captain","description":"p\u00e1gina de contactos Douro Captain, onde pode consultar a localiza\u00e7\u00e3o e as v\u00e1rias formas de entrar em contacto com a Douro Captain","robots":{"index":"index","follow":"follow","max-snippet":"max-snippet:-1","max-image-preview":"max-image-preview:large","max-video-preview":"max-video-preview:-1"},"canonical":"https:\/\/dourocaptain.pt\/en\/contactos\/","og_locale":"en_GB","og_type":"article","og_title":"Contactos - Douro Captain","og_description":"p\u00e1gina de contactos Douro Captain, onde pode consultar a localiza\u00e7\u00e3o e as v\u00e1rias formas de entrar em contacto com a Douro Captain","og_url":"https:\/\/dourocaptain.pt\/en\/contactos\/","og_site_name":"Douro Captain","article_publisher":"https:\/\/www.facebook.com\/dourocaptainweb","article_modified_time":"2025-07-04T09:52:15+00:00","og_image":[{"width":330,"height":440,"url":"https:\/\/dourocaptain.pt\/wp-content\/uploads\/2025\/06\/5.png","type":"image\/png"}],"twitter_card":"summary_large_image","twitter_misc":{"Estimated reading time":"1 minute"},"schema":{"@context":"https:\/\/schema.org","@graph":[{"@type":"WebPage","@id":"https:\/\/dourocaptain.pt\/contactos\/","url":"https:\/\/dourocaptain.pt\/contactos\/","name":"Contactos - Douro Captain","isPartOf":{"@id":"https:\/\/dourocaptain.pt\/#website"},"primaryImageOfPage":{"@id":"https:\/\/dourocaptain.pt\/contactos\/#primaryimage"},"image":{"@id":"https:\/\/dourocaptain.pt\/contactos\/#primaryimage"},"thumbnailUrl":"https:\/\/dourocaptain.pt\/wp-content\/uploads\/2025\/06\/5.png","datePublished":"2023-12-21T15:44:40+00:00","dateModified":"2025-07-04T09:52:15+00:00","description":"p\u00e1gina de contactos Douro Captain, onde pode consultar a localiza\u00e7\u00e3o e as v\u00e1rias formas de entrar em contacto com a Douro Captain","breadcrumb":{"@id":"https:\/\/dourocaptain.pt\/contactos\/#breadcrumb"},"inLanguage":"en-GB","potentialAction":[{"@type":"ReadAction","target":["https:\/\/dourocaptain.pt\/contactos\/"]}]},{"@type":"ImageObject","inLanguage":"en-GB","@id":"https:\/\/dourocaptain.pt\/contactos\/#primaryimage","url":"https:\/\/dourocaptain.pt\/wp-content\/uploads\/2025\/06\/5.png","contentUrl":"https:\/\/dourocaptain.pt\/wp-content\/uploads\/2025\/06\/5.png"},{"@type":"BreadcrumbList","@id":"https:\/\/dourocaptain.pt\/contactos\/#breadcrumb","itemListElement":[{"@type":"ListItem","position":1,"name":"In\u00edcio","item":"https:\/\/dourocaptain.pt\/"},{"@type":"ListItem","position":2,"name":"Contactos"}]},{"@type":"WebSite","@id":"https:\/\/dourocaptain.pt\/#website","url":"https:\/\/dourocaptain.pt\/","name":"Douro Captain","description":"My WordPress Blog","publisher":{"@id":"https:\/\/dourocaptain.pt\/#organization"},"alternateName":"Douro Captain","potentialAction":[{"@type":"SearchAction","target":{"@type":"EntryPoint","urlTemplate":"https:\/\/dourocaptain.pt\/?s={search_term_string}"},"query-input":{"@type":"PropertyValueSpecification","valueRequired":true,"valueName":"search_term_string"}}],"inLanguage":"en-GB"},{"@type":"Organization","@id":"https:\/\/dourocaptain.pt\/#organization","name":"Douro Captain","url":"https:\/\/dourocaptain.pt\/","logo":{"@type":"ImageObject","inLanguage":"en-GB","@id":"https:\/\/dourocaptain.pt\/#\/schema\/logo\/image\/","url":"https:\/\/dourocaptain.pt\/wp-content\/uploads\/2023\/12\/Prancheta-9-e1745331002670.png","contentUrl":"https:\/\/dourocaptain.pt\/wp-content\/uploads\/2023\/12\/Prancheta-9-e1745331002670.png","width":155,"height":208,"caption":"Douro Captain"},"image":{"@id":"https:\/\/dourocaptain.pt\/#\/schema\/logo\/image\/"},"sameAs":["https:\/\/www.facebook.com\/dourocaptainweb","https:\/\/www.instagram.com\/dourocaptain\/#"]}]}},"_links":{"self":[{"href":"https:\/\/dourocaptain.pt\/en\/wp-json\/wp\/v2\/pages\/68","targetHints":{"allow":["GET"]}}],"collection":[{"href":"https:\/\/dourocaptain.pt\/en\/wp-json\/wp\/v2\/pages"}],"about":[{"href":"https:\/\/dourocaptain.pt\/en\/wp-json\/wp\/v2\/types\/page"}],"author":[{"embeddable":true,"href":"https:\/\/dourocaptain.pt\/en\/wp-json\/wp\/v2\/users\/1"}],"replies":[{"embeddable":true,"href":"https:\/\/dourocaptain.pt\/en\/wp-json\/wp\/v2\/comments?post=68"}],"version-history":[{"count":155,"href":"https:\/\/dourocaptain.pt\/en\/wp-json\/wp\/v2\/pages\/68\/revisions"}],"predecessor-version":[{"id":2501,"href":"https:\/\/dourocaptain.pt\/en\/wp-json\/wp\/v2\/pages\/68\/revisions\/2501"}],"wp:attachment":[{"href":"https:\/\/dourocaptain.pt\/en\/wp-json\/wp\/v2\/media?parent=68"}],"curies":[{"name":"wp","href":"https:\/\/api.w.org\/{rel}","templated":true}]}}