{"id":1048,"date":"2025-05-16T16:24:00","date_gmt":"2025-05-16T15:24:00","guid":{"rendered":"https:\/\/dourocaptain.pt\/wp\/?page_id=1048"},"modified":"2025-07-03T20:26:16","modified_gmt":"2025-07-03T19:26:16","slug":"letigio-ao-consumo","status":"publish","type":"page","link":"https:\/\/dourocaptain.pt\/en\/letigio-ao-consumo\/","title":{"rendered":"Let\u00edgio ao Consumo"},"content":{"rendered":"<div data-elementor-type=\"wp-page\" data-elementor-id=\"1048\" class=\"elementor elementor-1048\" data-elementor-post-type=\"page\">\n\t\t\t\t<div class=\"elementor-element elementor-element-a518db4 e-flex e-con-boxed wpr-particle-no wpr-jarallax-no wpr-parallax-no wpr-sticky-section-no e-con e-parent\" data-id=\"a518db4\" data-element_type=\"container\">\n\t\t\t\t\t<div class=\"e-con-inner\">\n\t\t\t\t<div class=\"elementor-element elementor-element-64d8b7a elementor-widget elementor-widget-heading\" data-id=\"64d8b7a\" data-element_type=\"widget\" data-widget_type=\"heading.default\">\n\t\t\t\t<div class=\"elementor-widget-container\">\n\t\t\t\t\t<h2 class=\"elementor-heading-title elementor-size-default\">Let\u00edgio ao Consumo<\/h2>\t\t\t\t<\/div>\n\t\t\t\t<\/div>\n\t\t\t\t\t<\/div>\n\t\t\t\t<\/div>\n\t\t<div class=\"elementor-element elementor-element-97c17a3 e-flex e-con-boxed wpr-particle-no wpr-jarallax-no wpr-parallax-no wpr-sticky-section-no e-con e-parent\" data-id=\"97c17a3\" data-element_type=\"container\">\n\t\t\t\t\t<div class=\"e-con-inner\">\n\t\t\t\t<div class=\"elementor-element elementor-element-1f1a804 elementor-widget elementor-widget-text-editor\" data-id=\"1f1a804\" data-element_type=\"widget\" data-widget_type=\"text-editor.default\">\n\t\t\t\t<div class=\"elementor-widget-container\">\n\t\t\t\t\t\t\t\t\t<h2 data-start=\"122\" data-end=\"146\">Consumer Dispute<\/h2><p data-start=\"148\" data-end=\"444\">Douro Captain values transparency, quality, and respect in all the services offered. In case of any doubts, complaints, or disputes related to our services, we encourage the client to contact us directly so we can seek an amicable solution.<\/p><p data-start=\"446\" data-end=\"834\">However, if an agreement cannot be reached, we inform you that the consumer has the right to resort to alternative dispute resolution platforms for consumer disputes, as provided for in Portuguese legislation. One such platform is <strong data-start=\"678\" data-end=\"757\">National Centre for Consumer Conflict Information and Arbitration (CNIACC)<\/strong>which offers a quick, simple, and free means for dispute resolution.<\/p><p data-start=\"836\" data-end=\"1011\">For more information on how to proceed in cases of disputes, we recommend consulting the Consumer Portal at <a class=\"\" href=\"https:\/\/www.consumidor.gov.pt\" target=\"_new\" rel=\"noopener\" data-start=\"948\" data-end=\"1010\">https:\/\/www.consumidor.gov.pt<\/a>.<\/p><p data-start=\"1013\" data-end=\"1175\">We commit to handling all requests seriously and respecting consumer rights, always seeking the best solution for both parties.<\/p>\t\t\t\t\t\t\t\t<\/div>\n\t\t\t\t<\/div>\n\t\t\t\t\t<\/div>\n\t\t\t\t<\/div>\n\t\t\t\t<\/div>","protected":false},"excerpt":{"rendered":"<p>Let\u00edgio ao Consumo Lit\u00edgio ao Consumidor A Douro Captain preza pela transpar\u00eancia, qualidade e respeito em todos os servi\u00e7os oferecidos. Em caso de eventuais d\u00favidas, reclama\u00e7\u00f5es ou lit\u00edgios relacionados \u00e0 presta\u00e7\u00e3o dos nossos servi\u00e7os, incentivamos que o cliente entre em contato conosco diretamente para buscarmos uma solu\u00e7\u00e3o amig\u00e1vel. Contudo, caso n\u00e3o seja poss\u00edvel um acordo, informamos que o consumidor tem o direito de recorrer \u00e0s plataformas de resolu\u00e7\u00e3o alternativa de lit\u00edgios de consumo, conforme previsto na legisla\u00e7\u00e3o portuguesa. Uma dessas plataformas \u00e9 a Centro Nacional de Informa\u00e7\u00e3o e Arbitragem de Conflitos de Consumo (CNIACC), que oferece um meio r\u00e1pido, simples e gratuito para resolu\u00e7\u00e3o de conflitos. Para mais informa\u00e7\u00f5es sobre como proceder em casos de lit\u00edgio, recomendamos consultar o Portal do Consumidor em https:\/\/www.consumidor.gov.pt. Nos comprometemos a atender todas as solicita\u00e7\u00f5es com seriedade e a respeitar os direitos dos consumidores, buscando sempre a melhor solu\u00e7\u00e3o para ambas as partes.<\/p>","protected":false},"author":1,"featured_media":0,"parent":0,"menu_order":0,"comment_status":"closed","ping_status":"closed","template":"","meta":{"footnotes":""},"class_list":["post-1048","page","type-page","status-publish","hentry"],"yoast_head":"<!-- This site is optimized with the Yoast SEO plugin v25.4 - https:\/\/yoast.com\/wordpress\/plugins\/seo\/ -->\n<title>Let\u00edgio ao Consumo - Douro Captain<\/title>\n<meta name=\"robots\" content=\"index, follow, max-snippet:-1, max-image-preview:large, max-video-preview:-1\" \/>\n<link rel=\"canonical\" href=\"https:\/\/dourocaptain.pt\/en\/letigio-ao-consumo\/\" \/>\n<meta property=\"og:locale\" content=\"en_GB\" \/>\n<meta property=\"og:type\" content=\"article\" \/>\n<meta property=\"og:title\" content=\"Let\u00edgio ao Consumo - Douro Captain\" \/>\n<meta property=\"og:description\" content=\"Let\u00edgio ao Consumo Lit\u00edgio ao Consumidor A Douro Captain preza pela transpar\u00eancia, qualidade e respeito em todos os servi\u00e7os oferecidos. Em caso de eventuais d\u00favidas, reclama\u00e7\u00f5es ou lit\u00edgios relacionados \u00e0 presta\u00e7\u00e3o dos nossos servi\u00e7os, incentivamos que o cliente entre em contato conosco diretamente para buscarmos uma solu\u00e7\u00e3o amig\u00e1vel. Contudo, caso n\u00e3o seja poss\u00edvel um acordo, informamos que o consumidor tem o direito de recorrer \u00e0s plataformas de resolu\u00e7\u00e3o alternativa de lit\u00edgios de consumo, conforme previsto na legisla\u00e7\u00e3o portuguesa. Uma dessas plataformas \u00e9 a Centro Nacional de Informa\u00e7\u00e3o e Arbitragem de Conflitos de Consumo (CNIACC), que oferece um meio r\u00e1pido, simples e gratuito para resolu\u00e7\u00e3o de conflitos. Para mais informa\u00e7\u00f5es sobre como proceder em casos de lit\u00edgio, recomendamos consultar o Portal do Consumidor em https:\/\/www.consumidor.gov.pt. Nos comprometemos a atender todas as solicita\u00e7\u00f5es com seriedade e a respeitar os direitos dos consumidores, buscando sempre a melhor solu\u00e7\u00e3o para ambas as partes.\" \/>\n<meta property=\"og:url\" content=\"https:\/\/dourocaptain.pt\/en\/letigio-ao-consumo\/\" \/>\n<meta property=\"og:site_name\" content=\"Douro Captain\" \/>\n<meta property=\"article:publisher\" content=\"https:\/\/www.facebook.com\/dourocaptainweb\" \/>\n<meta property=\"article:modified_time\" content=\"2025-07-03T19:26:16+00:00\" \/>\n<meta property=\"og:image\" content=\"https:\/\/dourocaptain.pt\/wp-content\/uploads\/2025\/07\/Design-sem-nome-14-1-e1751471866808.png\" \/>\n\t<meta property=\"og:image:width\" content=\"626\" \/>\n\t<meta property=\"og:image:height\" content=\"675\" \/>\n\t<meta property=\"og:image:type\" content=\"image\/png\" \/>\n<meta name=\"twitter:card\" content=\"summary_large_image\" \/>\n<meta name=\"twitter:label1\" content=\"Estimated reading time\" \/>\n\t<meta name=\"twitter:data1\" content=\"1 minute\" \/>\n<script type=\"application\/ld+json\" class=\"yoast-schema-graph\">{\"@context\":\"https:\/\/schema.org\",\"@graph\":[{\"@type\":\"WebPage\",\"@id\":\"https:\/\/dourocaptain.pt\/pt\/letigio-ao-consumo\/\",\"url\":\"https:\/\/dourocaptain.pt\/pt\/letigio-ao-consumo\/\",\"name\":\"Let\u00edgio ao Consumo - Douro Captain\",\"isPartOf\":{\"@id\":\"https:\/\/dourocaptain.pt\/#website\"},\"datePublished\":\"2025-05-16T15:24:00+00:00\",\"dateModified\":\"2025-07-03T19:26:16+00:00\",\"breadcrumb\":{\"@id\":\"https:\/\/dourocaptain.pt\/pt\/letigio-ao-consumo\/#breadcrumb\"},\"inLanguage\":\"en-GB\",\"potentialAction\":[{\"@type\":\"ReadAction\",\"target\":[\"https:\/\/dourocaptain.pt\/pt\/letigio-ao-consumo\/\"]}]},{\"@type\":\"BreadcrumbList\",\"@id\":\"https:\/\/dourocaptain.pt\/pt\/letigio-ao-consumo\/#breadcrumb\",\"itemListElement\":[{\"@type\":\"ListItem\",\"position\":1,\"name\":\"In\u00edcio\",\"item\":\"https:\/\/dourocaptain.pt\/\"},{\"@type\":\"ListItem\",\"position\":2,\"name\":\"Let\u00edgio ao Consumo\"}]},{\"@type\":\"WebSite\",\"@id\":\"https:\/\/dourocaptain.pt\/#website\",\"url\":\"https:\/\/dourocaptain.pt\/\",\"name\":\"Douro Captain\",\"description\":\"My WordPress Blog\",\"publisher\":{\"@id\":\"https:\/\/dourocaptain.pt\/#organization\"},\"alternateName\":\"Douro Captain\",\"potentialAction\":[{\"@type\":\"SearchAction\",\"target\":{\"@type\":\"EntryPoint\",\"urlTemplate\":\"https:\/\/dourocaptain.pt\/?s={search_term_string}\"},\"query-input\":{\"@type\":\"PropertyValueSpecification\",\"valueRequired\":true,\"valueName\":\"search_term_string\"}}],\"inLanguage\":\"en-GB\"},{\"@type\":\"Organization\",\"@id\":\"https:\/\/dourocaptain.pt\/#organization\",\"name\":\"Douro Captain\",\"url\":\"https:\/\/dourocaptain.pt\/\",\"logo\":{\"@type\":\"ImageObject\",\"inLanguage\":\"en-GB\",\"@id\":\"https:\/\/dourocaptain.pt\/#\/schema\/logo\/image\/\",\"url\":\"https:\/\/dourocaptain.pt\/wp-content\/uploads\/2023\/12\/Prancheta-9-e1745331002670.png\",\"contentUrl\":\"https:\/\/dourocaptain.pt\/wp-content\/uploads\/2023\/12\/Prancheta-9-e1745331002670.png\",\"width\":155,\"height\":208,\"caption\":\"Douro Captain\"},\"image\":{\"@id\":\"https:\/\/dourocaptain.pt\/#\/schema\/logo\/image\/\"},\"sameAs\":[\"https:\/\/www.facebook.com\/dourocaptainweb\",\"https:\/\/www.instagram.com\/dourocaptain\/#\"]}]}<\/script>\n<!-- \/ Yoast SEO plugin. -->","yoast_head_json":{"title":"Let\u00edgio ao Consumo - Douro Captain","robots":{"index":"index","follow":"follow","max-snippet":"max-snippet:-1","max-image-preview":"max-image-preview:large","max-video-preview":"max-video-preview:-1"},"canonical":"https:\/\/dourocaptain.pt\/en\/letigio-ao-consumo\/","og_locale":"en_GB","og_type":"article","og_title":"Let\u00edgio ao Consumo - Douro Captain","og_description":"Let\u00edgio ao Consumo Lit\u00edgio ao Consumidor A Douro Captain preza pela transpar\u00eancia, qualidade e respeito em todos os servi\u00e7os oferecidos. Em caso de eventuais d\u00favidas, reclama\u00e7\u00f5es ou lit\u00edgios relacionados \u00e0 presta\u00e7\u00e3o dos nossos servi\u00e7os, incentivamos que o cliente entre em contato conosco diretamente para buscarmos uma solu\u00e7\u00e3o amig\u00e1vel. Contudo, caso n\u00e3o seja poss\u00edvel um acordo, informamos que o consumidor tem o direito de recorrer \u00e0s plataformas de resolu\u00e7\u00e3o alternativa de lit\u00edgios de consumo, conforme previsto na legisla\u00e7\u00e3o portuguesa. Uma dessas plataformas \u00e9 a Centro Nacional de Informa\u00e7\u00e3o e Arbitragem de Conflitos de Consumo (CNIACC), que oferece um meio r\u00e1pido, simples e gratuito para resolu\u00e7\u00e3o de conflitos. Para mais informa\u00e7\u00f5es sobre como proceder em casos de lit\u00edgio, recomendamos consultar o Portal do Consumidor em https:\/\/www.consumidor.gov.pt. Nos comprometemos a atender todas as solicita\u00e7\u00f5es com seriedade e a respeitar os direitos dos consumidores, buscando sempre a melhor solu\u00e7\u00e3o para ambas as partes.","og_url":"https:\/\/dourocaptain.pt\/en\/letigio-ao-consumo\/","og_site_name":"Douro Captain","article_publisher":"https:\/\/www.facebook.com\/dourocaptainweb","article_modified_time":"2025-07-03T19:26:16+00:00","og_image":[{"width":626,"height":675,"url":"https:\/\/dourocaptain.pt\/wp-content\/uploads\/2025\/07\/Design-sem-nome-14-1-e1751471866808.png","type":"image\/png"}],"twitter_card":"summary_large_image","twitter_misc":{"Estimated reading time":"1 minute"},"schema":{"@context":"https:\/\/schema.org","@graph":[{"@type":"WebPage","@id":"https:\/\/dourocaptain.pt\/pt\/letigio-ao-consumo\/","url":"https:\/\/dourocaptain.pt\/pt\/letigio-ao-consumo\/","name":"Let\u00edgio ao Consumo - Douro Captain","isPartOf":{"@id":"https:\/\/dourocaptain.pt\/#website"},"datePublished":"2025-05-16T15:24:00+00:00","dateModified":"2025-07-03T19:26:16+00:00","breadcrumb":{"@id":"https:\/\/dourocaptain.pt\/pt\/letigio-ao-consumo\/#breadcrumb"},"inLanguage":"en-GB","potentialAction":[{"@type":"ReadAction","target":["https:\/\/dourocaptain.pt\/pt\/letigio-ao-consumo\/"]}]},{"@type":"BreadcrumbList","@id":"https:\/\/dourocaptain.pt\/pt\/letigio-ao-consumo\/#breadcrumb","itemListElement":[{"@type":"ListItem","position":1,"name":"In\u00edcio","item":"https:\/\/dourocaptain.pt\/"},{"@type":"ListItem","position":2,"name":"Let\u00edgio ao Consumo"}]},{"@type":"WebSite","@id":"https:\/\/dourocaptain.pt\/#website","url":"https:\/\/dourocaptain.pt\/","name":"Douro Captain","description":"My WordPress Blog","publisher":{"@id":"https:\/\/dourocaptain.pt\/#organization"},"alternateName":"Douro Captain","potentialAction":[{"@type":"SearchAction","target":{"@type":"EntryPoint","urlTemplate":"https:\/\/dourocaptain.pt\/?s={search_term_string}"},"query-input":{"@type":"PropertyValueSpecification","valueRequired":true,"valueName":"search_term_string"}}],"inLanguage":"en-GB"},{"@type":"Organization","@id":"https:\/\/dourocaptain.pt\/#organization","name":"Douro Captain","url":"https:\/\/dourocaptain.pt\/","logo":{"@type":"ImageObject","inLanguage":"en-GB","@id":"https:\/\/dourocaptain.pt\/#\/schema\/logo\/image\/","url":"https:\/\/dourocaptain.pt\/wp-content\/uploads\/2023\/12\/Prancheta-9-e1745331002670.png","contentUrl":"https:\/\/dourocaptain.pt\/wp-content\/uploads\/2023\/12\/Prancheta-9-e1745331002670.png","width":155,"height":208,"caption":"Douro Captain"},"image":{"@id":"https:\/\/dourocaptain.pt\/#\/schema\/logo\/image\/"},"sameAs":["https:\/\/www.facebook.com\/dourocaptainweb","https:\/\/www.instagram.com\/dourocaptain\/#"]}]}},"_links":{"self":[{"href":"https:\/\/dourocaptain.pt\/en\/wp-json\/wp\/v2\/pages\/1048","targetHints":{"allow":["GET"]}}],"collection":[{"href":"https:\/\/dourocaptain.pt\/en\/wp-json\/wp\/v2\/pages"}],"about":[{"href":"https:\/\/dourocaptain.pt\/en\/wp-json\/wp\/v2\/types\/page"}],"author":[{"embeddable":true,"href":"https:\/\/dourocaptain.pt\/en\/wp-json\/wp\/v2\/users\/1"}],"replies":[{"embeddable":true,"href":"https:\/\/dourocaptain.pt\/en\/wp-json\/wp\/v2\/comments?post=1048"}],"version-history":[{"count":7,"href":"https:\/\/dourocaptain.pt\/en\/wp-json\/wp\/v2\/pages\/1048\/revisions"}],"predecessor-version":[{"id":2467,"href":"https:\/\/dourocaptain.pt\/en\/wp-json\/wp\/v2\/pages\/1048\/revisions\/2467"}],"wp:attachment":[{"href":"https:\/\/dourocaptain.pt\/en\/wp-json\/wp\/v2\/media?parent=1048"}],"curies":[{"name":"wp","href":"https:\/\/api.w.org\/{rel}","templated":true}]}}