{"id":1014,"date":"2025-05-16T16:00:35","date_gmt":"2025-05-16T15:00:35","guid":{"rendered":"https:\/\/dourocaptain.pt\/wp\/?page_id=1014"},"modified":"2025-07-03T20:23:05","modified_gmt":"2025-07-03T19:23:05","slug":"termos-e-condicoes","status":"publish","type":"page","link":"https:\/\/dourocaptain.pt\/en\/termos-e-condicoes\/","title":{"rendered":"Terms and Conditions"},"content":{"rendered":"<div data-elementor-type=\"wp-page\" data-elementor-id=\"1014\" class=\"elementor elementor-1014\" data-elementor-post-type=\"page\">\n\t\t\t\t<div class=\"elementor-element elementor-element-a4660f4 e-flex e-con-boxed wpr-particle-no wpr-jarallax-no wpr-parallax-no wpr-sticky-section-no e-con e-parent\" data-id=\"a4660f4\" data-element_type=\"container\">\n\t\t\t\t\t<div class=\"e-con-inner\">\n\t\t\t\t<div class=\"elementor-element elementor-element-6a9f07c elementor-widget elementor-widget-heading\" data-id=\"6a9f07c\" data-element_type=\"widget\" data-widget_type=\"heading.default\">\n\t\t\t\t<div class=\"elementor-widget-container\">\n\t\t\t\t\t<h2 class=\"elementor-heading-title elementor-size-default\">Terms and Conditions<\/h2>\t\t\t\t<\/div>\n\t\t\t\t<\/div>\n\t\t\t\t\t<\/div>\n\t\t\t\t<\/div>\n\t\t<div class=\"elementor-element elementor-element-369d86f e-flex e-con-boxed wpr-particle-no wpr-jarallax-no wpr-parallax-no wpr-sticky-section-no e-con e-parent\" data-id=\"369d86f\" data-element_type=\"container\">\n\t\t\t\t\t<div class=\"e-con-inner\">\n\t\t\t\t<div class=\"elementor-element elementor-element-0efc21f elementor-widget elementor-widget-text-editor\" data-id=\"0efc21f\" data-element_type=\"widget\" data-widget_type=\"text-editor.default\">\n\t\t\t\t<div class=\"elementor-widget-container\">\n\t\t\t\t\t\t\t\t\t<p><b>Terms and Conditions<\/b><\/p><p><b>Cancellation and Refund Policy<\/b><\/p><ol><li style=\"font-weight: 400;\" aria-level=\"1\"><span style=\"font-weight: 400;\">The client will be fully refunded if adverse weather conditions occur and rescheduling is not possible.<\/span><\/li><li style=\"font-weight: 400;\" aria-level=\"1\"><span style=\"font-weight: 400;\">Participant cancellations do not entitle a refund.<\/span><\/li><li style=\"font-weight: 400;\" aria-level=\"1\"><span style=\"font-weight: 400;\">No caso de uma remarca\u00e7\u00e3o, n\u00e3o h\u00e1 possibilidade de reembolso caso os clientes desistam.<\/span><\/li><\/ol><p><span style=\"font-weight: 400;\">Tenha em aten\u00e7\u00e3o o seguinte:<\/span><\/p><p><span style=\"font-weight: 400;\">Douro Captain is not responsible for actions by passengers that may result in personal injury to themselves or others onboard due to inappropriate behaviour or failure to follow crew instructions.<\/span><\/p><p><span style=\"font-weight: 400;\">Douro Captain reserves the right to cancel services if any passenger refuses to follow crew instructions or exhibits inappropriate behaviour that may endanger themselves or other passengers.<\/span><\/p>\t\t\t\t\t\t\t\t<\/div>\n\t\t\t\t<\/div>\n\t\t\t\t\t<\/div>\n\t\t\t\t<\/div>\n\t\t\t\t<\/div>","protected":false},"excerpt":{"rendered":"<p>Termos e Condi\u00e7\u00f5es Termos e condi\u00e7\u00f5es Pol\u00edtica de Cancelamento e Reembolso O cliente ser\u00e1 reembolsado na totalidade caso se apresentem condi\u00e7\u00f5es meteorol\u00f3gicas adversas e n\u00e3o haja possibilidade de reagendamento. Desist\u00eancias de participantes n\u00e3o d\u00e3o direito a reembolso. No caso de uma remarca\u00e7\u00e3o, n\u00e3o h\u00e1 possibilidade de reembolso caso os clientes desistam. Tenha em aten\u00e7\u00e3o o seguinte: A Douro Captain n\u00e3o se responsabiliza pelas ac\u00e7\u00f5es de passageiros que possam resultar em ferimentos pessoais ou de terceiros a bordo como resultado de comportamento desadequado ou n\u00e3o cumprimentos das instru\u00e7\u00f5es da tripula\u00e7\u00e3o. A Douro Captain reserva o direito de cancelar os servi\u00e7os caso algum passageiro se recuse a seguir as instru\u00e7\u00f5es da tripula\u00e7\u00e3o ou em caso de comportamento inapropriado que possa colocar o pr\u00f3prio ou outros passageiros em risco.<\/p>","protected":false},"author":1,"featured_media":0,"parent":0,"menu_order":0,"comment_status":"closed","ping_status":"closed","template":"","meta":{"footnotes":""},"class_list":["post-1014","page","type-page","status-publish","hentry"],"yoast_head":"<!-- This site is optimized with the Yoast SEO plugin v25.4 - https:\/\/yoast.com\/wordpress\/plugins\/seo\/ -->\n<title>Termos e Condi\u00e7\u00f5es - Douro Captain<\/title>\n<meta name=\"robots\" content=\"index, follow, max-snippet:-1, max-image-preview:large, max-video-preview:-1\" \/>\n<link rel=\"canonical\" href=\"https:\/\/dourocaptain.pt\/en\/termos-e-condicoes\/\" \/>\n<meta property=\"og:locale\" content=\"en_GB\" \/>\n<meta property=\"og:type\" content=\"article\" \/>\n<meta property=\"og:title\" content=\"Termos e Condi\u00e7\u00f5es - Douro Captain\" \/>\n<meta property=\"og:description\" content=\"Termos e Condi\u00e7\u00f5es Termos e condi\u00e7\u00f5es Pol\u00edtica de Cancelamento e Reembolso O cliente ser\u00e1 reembolsado na totalidade caso se apresentem condi\u00e7\u00f5es meteorol\u00f3gicas adversas e n\u00e3o haja possibilidade de reagendamento. Desist\u00eancias de participantes n\u00e3o d\u00e3o direito a reembolso. No caso de uma remarca\u00e7\u00e3o, n\u00e3o h\u00e1 possibilidade de reembolso caso os clientes desistam. Tenha em aten\u00e7\u00e3o o seguinte: A Douro Captain n\u00e3o se responsabiliza pelas ac\u00e7\u00f5es de passageiros que possam resultar em ferimentos pessoais ou de terceiros a bordo como resultado de comportamento desadequado ou n\u00e3o cumprimentos das instru\u00e7\u00f5es da tripula\u00e7\u00e3o. A Douro Captain reserva o direito de cancelar os servi\u00e7os caso algum passageiro se recuse a seguir as instru\u00e7\u00f5es da tripula\u00e7\u00e3o ou em caso de comportamento inapropriado que possa colocar o pr\u00f3prio ou outros passageiros em risco.\" \/>\n<meta property=\"og:url\" content=\"https:\/\/dourocaptain.pt\/en\/termos-e-condicoes\/\" \/>\n<meta property=\"og:site_name\" content=\"Douro Captain\" \/>\n<meta property=\"article:publisher\" content=\"https:\/\/www.facebook.com\/dourocaptainweb\" \/>\n<meta property=\"article:modified_time\" content=\"2025-07-03T19:23:05+00:00\" \/>\n<meta property=\"og:image\" content=\"https:\/\/dourocaptain.pt\/wp-content\/uploads\/2025\/07\/Design-sem-nome-14-1-e1751471866808.png\" \/>\n\t<meta property=\"og:image:width\" content=\"626\" \/>\n\t<meta property=\"og:image:height\" content=\"675\" \/>\n\t<meta property=\"og:image:type\" content=\"image\/png\" \/>\n<meta name=\"twitter:card\" content=\"summary_large_image\" \/>\n<meta name=\"twitter:label1\" content=\"Estimated reading time\" \/>\n\t<meta name=\"twitter:data1\" content=\"1 minute\" \/>\n<script type=\"application\/ld+json\" class=\"yoast-schema-graph\">{\"@context\":\"https:\/\/schema.org\",\"@graph\":[{\"@type\":\"WebPage\",\"@id\":\"https:\/\/dourocaptain.pt\/termos-e-condicoes\/\",\"url\":\"https:\/\/dourocaptain.pt\/termos-e-condicoes\/\",\"name\":\"Termos e Condi\u00e7\u00f5es - Douro Captain\",\"isPartOf\":{\"@id\":\"https:\/\/dourocaptain.pt\/#website\"},\"datePublished\":\"2025-05-16T15:00:35+00:00\",\"dateModified\":\"2025-07-03T19:23:05+00:00\",\"breadcrumb\":{\"@id\":\"https:\/\/dourocaptain.pt\/termos-e-condicoes\/#breadcrumb\"},\"inLanguage\":\"en-GB\",\"potentialAction\":[{\"@type\":\"ReadAction\",\"target\":[\"https:\/\/dourocaptain.pt\/termos-e-condicoes\/\"]}]},{\"@type\":\"BreadcrumbList\",\"@id\":\"https:\/\/dourocaptain.pt\/termos-e-condicoes\/#breadcrumb\",\"itemListElement\":[{\"@type\":\"ListItem\",\"position\":1,\"name\":\"In\u00edcio\",\"item\":\"https:\/\/dourocaptain.pt\/\"},{\"@type\":\"ListItem\",\"position\":2,\"name\":\"Termos e Condi\u00e7\u00f5es\"}]},{\"@type\":\"WebSite\",\"@id\":\"https:\/\/dourocaptain.pt\/#website\",\"url\":\"https:\/\/dourocaptain.pt\/\",\"name\":\"Douro Captain\",\"description\":\"My WordPress Blog\",\"publisher\":{\"@id\":\"https:\/\/dourocaptain.pt\/#organization\"},\"alternateName\":\"Douro Captain\",\"potentialAction\":[{\"@type\":\"SearchAction\",\"target\":{\"@type\":\"EntryPoint\",\"urlTemplate\":\"https:\/\/dourocaptain.pt\/?s={search_term_string}\"},\"query-input\":{\"@type\":\"PropertyValueSpecification\",\"valueRequired\":true,\"valueName\":\"search_term_string\"}}],\"inLanguage\":\"en-GB\"},{\"@type\":\"Organization\",\"@id\":\"https:\/\/dourocaptain.pt\/#organization\",\"name\":\"Douro Captain\",\"url\":\"https:\/\/dourocaptain.pt\/\",\"logo\":{\"@type\":\"ImageObject\",\"inLanguage\":\"en-GB\",\"@id\":\"https:\/\/dourocaptain.pt\/#\/schema\/logo\/image\/\",\"url\":\"https:\/\/dourocaptain.pt\/wp-content\/uploads\/2023\/12\/Prancheta-9-e1745331002670.png\",\"contentUrl\":\"https:\/\/dourocaptain.pt\/wp-content\/uploads\/2023\/12\/Prancheta-9-e1745331002670.png\",\"width\":155,\"height\":208,\"caption\":\"Douro Captain\"},\"image\":{\"@id\":\"https:\/\/dourocaptain.pt\/#\/schema\/logo\/image\/\"},\"sameAs\":[\"https:\/\/www.facebook.com\/dourocaptainweb\",\"https:\/\/www.instagram.com\/dourocaptain\/#\"]}]}<\/script>\n<!-- \/ Yoast SEO plugin. -->","yoast_head_json":{"title":"Termos e Condi\u00e7\u00f5es - Douro Captain","robots":{"index":"index","follow":"follow","max-snippet":"max-snippet:-1","max-image-preview":"max-image-preview:large","max-video-preview":"max-video-preview:-1"},"canonical":"https:\/\/dourocaptain.pt\/en\/termos-e-condicoes\/","og_locale":"en_GB","og_type":"article","og_title":"Termos e Condi\u00e7\u00f5es - Douro Captain","og_description":"Termos e Condi\u00e7\u00f5es Termos e condi\u00e7\u00f5es Pol\u00edtica de Cancelamento e Reembolso O cliente ser\u00e1 reembolsado na totalidade caso se apresentem condi\u00e7\u00f5es meteorol\u00f3gicas adversas e n\u00e3o haja possibilidade de reagendamento. Desist\u00eancias de participantes n\u00e3o d\u00e3o direito a reembolso. No caso de uma remarca\u00e7\u00e3o, n\u00e3o h\u00e1 possibilidade de reembolso caso os clientes desistam. Tenha em aten\u00e7\u00e3o o seguinte: A Douro Captain n\u00e3o se responsabiliza pelas ac\u00e7\u00f5es de passageiros que possam resultar em ferimentos pessoais ou de terceiros a bordo como resultado de comportamento desadequado ou n\u00e3o cumprimentos das instru\u00e7\u00f5es da tripula\u00e7\u00e3o. A Douro Captain reserva o direito de cancelar os servi\u00e7os caso algum passageiro se recuse a seguir as instru\u00e7\u00f5es da tripula\u00e7\u00e3o ou em caso de comportamento inapropriado que possa colocar o pr\u00f3prio ou outros passageiros em risco.","og_url":"https:\/\/dourocaptain.pt\/en\/termos-e-condicoes\/","og_site_name":"Douro Captain","article_publisher":"https:\/\/www.facebook.com\/dourocaptainweb","article_modified_time":"2025-07-03T19:23:05+00:00","og_image":[{"width":626,"height":675,"url":"https:\/\/dourocaptain.pt\/wp-content\/uploads\/2025\/07\/Design-sem-nome-14-1-e1751471866808.png","type":"image\/png"}],"twitter_card":"summary_large_image","twitter_misc":{"Estimated reading time":"1 minute"},"schema":{"@context":"https:\/\/schema.org","@graph":[{"@type":"WebPage","@id":"https:\/\/dourocaptain.pt\/termos-e-condicoes\/","url":"https:\/\/dourocaptain.pt\/termos-e-condicoes\/","name":"Termos e Condi\u00e7\u00f5es - Douro Captain","isPartOf":{"@id":"https:\/\/dourocaptain.pt\/#website"},"datePublished":"2025-05-16T15:00:35+00:00","dateModified":"2025-07-03T19:23:05+00:00","breadcrumb":{"@id":"https:\/\/dourocaptain.pt\/termos-e-condicoes\/#breadcrumb"},"inLanguage":"en-GB","potentialAction":[{"@type":"ReadAction","target":["https:\/\/dourocaptain.pt\/termos-e-condicoes\/"]}]},{"@type":"BreadcrumbList","@id":"https:\/\/dourocaptain.pt\/termos-e-condicoes\/#breadcrumb","itemListElement":[{"@type":"ListItem","position":1,"name":"In\u00edcio","item":"https:\/\/dourocaptain.pt\/"},{"@type":"ListItem","position":2,"name":"Termos e Condi\u00e7\u00f5es"}]},{"@type":"WebSite","@id":"https:\/\/dourocaptain.pt\/#website","url":"https:\/\/dourocaptain.pt\/","name":"Douro Captain","description":"My WordPress Blog","publisher":{"@id":"https:\/\/dourocaptain.pt\/#organization"},"alternateName":"Douro Captain","potentialAction":[{"@type":"SearchAction","target":{"@type":"EntryPoint","urlTemplate":"https:\/\/dourocaptain.pt\/?s={search_term_string}"},"query-input":{"@type":"PropertyValueSpecification","valueRequired":true,"valueName":"search_term_string"}}],"inLanguage":"en-GB"},{"@type":"Organization","@id":"https:\/\/dourocaptain.pt\/#organization","name":"Douro Captain","url":"https:\/\/dourocaptain.pt\/","logo":{"@type":"ImageObject","inLanguage":"en-GB","@id":"https:\/\/dourocaptain.pt\/#\/schema\/logo\/image\/","url":"https:\/\/dourocaptain.pt\/wp-content\/uploads\/2023\/12\/Prancheta-9-e1745331002670.png","contentUrl":"https:\/\/dourocaptain.pt\/wp-content\/uploads\/2023\/12\/Prancheta-9-e1745331002670.png","width":155,"height":208,"caption":"Douro Captain"},"image":{"@id":"https:\/\/dourocaptain.pt\/#\/schema\/logo\/image\/"},"sameAs":["https:\/\/www.facebook.com\/dourocaptainweb","https:\/\/www.instagram.com\/dourocaptain\/#"]}]}},"_links":{"self":[{"href":"https:\/\/dourocaptain.pt\/en\/wp-json\/wp\/v2\/pages\/1014","targetHints":{"allow":["GET"]}}],"collection":[{"href":"https:\/\/dourocaptain.pt\/en\/wp-json\/wp\/v2\/pages"}],"about":[{"href":"https:\/\/dourocaptain.pt\/en\/wp-json\/wp\/v2\/types\/page"}],"author":[{"embeddable":true,"href":"https:\/\/dourocaptain.pt\/en\/wp-json\/wp\/v2\/users\/1"}],"replies":[{"embeddable":true,"href":"https:\/\/dourocaptain.pt\/en\/wp-json\/wp\/v2\/comments?post=1014"}],"version-history":[{"count":22,"href":"https:\/\/dourocaptain.pt\/en\/wp-json\/wp\/v2\/pages\/1014\/revisions"}],"predecessor-version":[{"id":2464,"href":"https:\/\/dourocaptain.pt\/en\/wp-json\/wp\/v2\/pages\/1014\/revisions\/2464"}],"wp:attachment":[{"href":"https:\/\/dourocaptain.pt\/en\/wp-json\/wp\/v2\/media?parent=1014"}],"curies":[{"name":"wp","href":"https:\/\/api.w.org\/{rel}","templated":true}]}}