{"id":1001,"date":"2025-05-16T15:35:41","date_gmt":"2025-05-16T14:35:41","guid":{"rendered":"https:\/\/dourocaptain.pt\/wp\/?page_id=1001"},"modified":"2025-07-03T20:22:27","modified_gmt":"2025-07-03T19:22:27","slug":"politica-de-privacidade","status":"publish","type":"page","link":"https:\/\/dourocaptain.pt\/en\/politica-de-privacidade\/","title":{"rendered":"Privacy Policy"},"content":{"rendered":"<div data-elementor-type=\"wp-page\" data-elementor-id=\"1001\" class=\"elementor elementor-1001\" data-elementor-post-type=\"page\">\n\t\t\t\t<div class=\"elementor-element elementor-element-9519bc8 e-flex e-con-boxed wpr-particle-no wpr-jarallax-no wpr-parallax-no wpr-sticky-section-no e-con e-parent\" data-id=\"9519bc8\" data-element_type=\"container\">\n\t\t\t\t\t<div class=\"e-con-inner\">\n\t\t\t\t<div class=\"elementor-element elementor-element-adeec2b elementor-widget elementor-widget-heading\" data-id=\"adeec2b\" data-element_type=\"widget\" data-widget_type=\"heading.default\">\n\t\t\t\t<div class=\"elementor-widget-container\">\n\t\t\t\t\t<h2 class=\"elementor-heading-title elementor-size-default\">Privacy Policy <\/h2>\t\t\t\t<\/div>\n\t\t\t\t<\/div>\n\t\t\t\t\t<\/div>\n\t\t\t\t<\/div>\n\t\t<div class=\"elementor-element elementor-element-7796c8b e-flex e-con-boxed wpr-particle-no wpr-jarallax-no wpr-parallax-no wpr-sticky-section-no e-con e-parent\" data-id=\"7796c8b\" data-element_type=\"container\">\n\t\t\t\t\t<div class=\"e-con-inner\">\n\t\t\t\t<div class=\"elementor-element elementor-element-a9527e5 elementor-widget elementor-widget-text-editor\" data-id=\"a9527e5\" data-element_type=\"widget\" data-widget_type=\"text-editor.default\">\n\t\t\t\t<div class=\"elementor-widget-container\">\n\t\t\t\t\t\t\t\t\t<h2><span style=\"color: #ffffff;\">Pol\u00edtica Privacidade<\/span><\/h2><p><span style=\"color: #ffffff;\">Your privacy is important to us. It is Douro Captain\u2019s policy to respect your privacy regarding any information we may collect on the site. <a href=\"https:\/\/www.dourocaptain.com\/\">Douro Captain<\/a>and other sites we own and operate.<\/span><\/p><p><span style=\"color: #ffffff;\">We only request personal information when we truly need it to provide you with a service. We do this fairly and lawfully, with your knowledge and consent. We also inform you why we are collecting it and how it will be used.<\/span><\/p><p><span style=\"color: #ffffff;\">We only retain the information collected for as long as necessary to provide the requested service. When we store data, we protect it within commercially acceptable means to prevent loss, theft, as well as unauthorised access, disclosure, copying, use, or modification.<\/span><\/p><p><span style=\"color: #ffffff;\">We do not share personally identifiable information publicly or with third parties, except when required by law.<\/span><\/p><p><span style=\"color: #ffffff;\">Our site may contain links to external sites that are not operated by us. Please be aware that we have no control over the content and practices of these sites and cannot accept responsibility for their respective\u00a0<\/span><a style=\"background-color: transparent; color: #ffffff;\" href=\"https:\/\/politicaprivacidade.com\/\" target=\"_blank\" rel=\"noopener noreferrer\">pol\u00edticas de privacidade<\/a><span style=\"color: #ffffff;\">.<\/span><\/p><p><span style=\"color: #ffffff;\">You are free to refuse our request for personal information, understanding that we may not be able to provide some of the desired services.<\/span><\/p><p><span style=\"color: #ffffff;\">Continued use of our site will be regarded as acceptance of our practices regarding privacy and personal information. If you have any questions about how we handle user data and personal information, please contact us.<\/span><\/p><ul><li><span style=\"color: #ffffff;\">The Google AdSense service we use to display advertising uses a DoubleClick cookie to serve more relevant ads across the web and limit the number of times a particular ad is shown to you.<\/span><\/li><li><span style=\"color: #ffffff;\">For more information about Google AdSense, please refer to the official Google AdSense privacy FAQs.<\/span><\/li><li><span style=\"color: #ffffff;\">We use ads to offset the operating costs of this site and provide funding for future developments. The behavioural advertising cookies used by this site are designed to ensure that you are served the most relevant ads whenever possible, by anonymously tracking your interests and presenting similar things that may interest you.<\/span><\/li><li><span style=\"color: #ffffff;\">Several partners advertise on our behalf, and affiliate tracking cookies simply allow us to see if our customers accessed the site through one of our partners\u2019 sites, so we can credit them properly and, where applicable, enable our affiliate partners to offer any promotion they may provide for you to make a purchase.<\/span><\/li><\/ul><h3><span style=\"color: #ffffff;\">User Commitment<\/span><\/h3><p><span style=\"color: #ffffff;\">The user agrees to make proper use of the content and information that Douro Captain provides on the site, including but not limited to the following:<\/span><\/p><ul><li><span style=\"color: #ffffff;\">A) N\u00e3o se envolver em atividades que sejam ilegais ou contr\u00e1rias \u00e0 boa f\u00e9 a \u00e0 ordem p\u00fablica;<\/span><\/li><li><span style=\"color: #ffffff;\">B) Not to distribute propaganda or content of a racist, xenophobic nature, gambling, any type of illegal pornography, advocacy of terrorism, or against human rights;<\/span><\/li><li><span style=\"color: #ffffff;\">C) Not to cause damage to the physical (hardware) and logical (software) systems of Douro Captain, its suppliers, or third parties, by introducing or spreading computer viruses or any other hardware or software systems capable of causing the aforementioned damage.<\/span><\/li><\/ul><h3><span style=\"color: #ffffff;\">More information<\/span><\/h3><p><span style=\"color: #ffffff;\">We hope this clarifies things, and as mentioned earlier, if there is something you\u2019re unsure whether you need or not, it\u2019s generally safer to leave cookies enabled in case you interact with one of the features you use on our site.<\/span><\/p><p><span style=\"color: #ffffff;\">This policy is effective from 16 May 2025, 14:42.<\/span><\/p>\t\t\t\t\t\t\t\t<\/div>\n\t\t\t\t<\/div>\n\t\t\t\t\t<\/div>\n\t\t\t\t<\/div>\n\t\t\t\t<\/div>","protected":false},"excerpt":{"rendered":"<p>Pol\u00edtica de Privacidade Pol\u00edtica Privacidade A sua privacidade \u00e9 importante para n\u00f3s. \u00c9 pol\u00edtica do Douro Captain respeitar a sua privacidade em rela\u00e7\u00e3o a qualquer informa\u00e7\u00e3o sua que possamos coletar no site Douro Captain, e outros sites que possu\u00edmos e operamos. Solicitamos informa\u00e7\u00f5es pessoais apenas quando realmente precisamos delas para lhe fornecer um servi\u00e7o. Fazemo-lo por meios justos e legais, com o seu conhecimento e consentimento. Tamb\u00e9m informamos por que estamos coletando e como ser\u00e1 usado. Apenas retemos as informa\u00e7\u00f5es coletadas pelo tempo necess\u00e1rio para fornecer o servi\u00e7o solicitado. Quando armazenamos dados, protegemos dentro de meios comercialmente aceit\u00e1veis \u200b\u200bpara evitar perdas e roubos, bem como acesso, divulga\u00e7\u00e3o, c\u00f3pia, uso ou modifica\u00e7\u00e3o n\u00e3o autorizados. N\u00e3o compartilhamos informa\u00e7\u00f5es de identifica\u00e7\u00e3o pessoal publicamente ou com terceiros, exceto quando exigido por lei. O nosso site pode ter links para sites externos que n\u00e3o s\u00e3o operados por n\u00f3s. Esteja ciente de que n\u00e3o temos controle sobre o conte\u00fado e pr\u00e1ticas desses sites e n\u00e3o podemos aceitar responsabilidade por suas respectivas\u00a0pol\u00edticas de privacidade. Voc\u00ea \u00e9 livre para recusar a nossa solicita\u00e7\u00e3o de informa\u00e7\u00f5es pessoais, entendendo que talvez n\u00e3o possamos fornecer alguns dos servi\u00e7os desejados. O uso continuado de nosso site ser\u00e1 considerado como aceita\u00e7\u00e3o de nossas pr\u00e1ticas em torno de privacidade e informa\u00e7\u00f5es pessoais. Se voc\u00ea tiver alguma d\u00favida sobre como lidamos com dados do usu\u00e1rio e informa\u00e7\u00f5es pessoais, entre em contacto connosco. O servi\u00e7o Google AdSense que usamos para veicular publicidade usa um cookie DoubleClick para veicular an\u00fancios mais relevantes em toda a Web e limitar o n\u00famero de vezes que um determinado an\u00fancio \u00e9 exibido para voc\u00ea. Para mais informa\u00e7\u00f5es sobre o Google AdSense, consulte as FAQs oficiais sobre privacidade do Google AdSense. Utilizamos an\u00fancios para compensar os custos de funcionamento deste site e fornecer financiamento para futuros desenvolvimentos. Os cookies de publicidade comportamental usados \u200b\u200bpor este site foram projetados para garantir que voc\u00ea forne\u00e7a os an\u00fancios mais relevantes sempre que poss\u00edvel, rastreando anonimamente seus interesses e apresentando coisas semelhantes que possam ser do seu interesse. V\u00e1rios parceiros anunciam em nosso nome e os cookies de rastreamento de afiliados simplesmente nos permitem ver se nossos clientes acessaram o site atrav\u00e9s de um dos sites de nossos parceiros, para que possamos credit\u00e1-los adequadamente e, quando aplic\u00e1vel, permitir que nossos parceiros afiliados ofere\u00e7am qualquer promo\u00e7\u00e3o que pode fornec\u00ea-lo para fazer uma compra. Compromisso do Usu\u00e1rio O usu\u00e1rio se compromete a fazer uso adequado dos conte\u00fados e da informa\u00e7\u00e3o que o Douro Captain oferece no site e com car\u00e1ter enunciativo, mas n\u00e3o limitativo: A) N\u00e3o se envolver em atividades que sejam ilegais ou contr\u00e1rias \u00e0 boa f\u00e9 a \u00e0 ordem p\u00fablica; B) N\u00e3o difundir propaganda ou conte\u00fado de natureza racista, xenof\u00f3bica, jogos de sorte ou azar, qualquer tipo de pornografia ilegal, de apologia ao terrorismo ou contra os direitos humanos; C) N\u00e3o causar danos aos sistemas f\u00edsicos (hardwares) e l\u00f3gicos (softwares) do Douro Captain, de seus fornecedores ou terceiros, para introduzir ou disseminar v\u00edrus inform\u00e1ticos ou quaisquer outros sistemas de hardware ou software que sejam capazes de causar danos anteriormente mencionados. Mais informa\u00e7\u00f5es Esperemos que esteja esclarecido e, como mencionado anteriormente, se houver algo que voc\u00ea n\u00e3o tem certeza se precisa ou n\u00e3o, geralmente \u00e9 mais seguro deixar os cookies ativados, caso interaja com um dos recursos que voc\u00ea usa em nosso site. Esta pol\u00edtica \u00e9 efetiva a partir de\u00a016 May 2025 14:42<\/p>","protected":false},"author":1,"featured_media":0,"parent":0,"menu_order":0,"comment_status":"closed","ping_status":"closed","template":"","meta":{"footnotes":""},"class_list":["post-1001","page","type-page","status-publish","hentry"],"yoast_head":"<!-- This site is optimized with the Yoast SEO plugin v25.4 - https:\/\/yoast.com\/wordpress\/plugins\/seo\/ -->\n<title>Pol\u00edtica de Privacidade - Douro Captain<\/title>\n<meta name=\"robots\" content=\"index, follow, max-snippet:-1, max-image-preview:large, max-video-preview:-1\" \/>\n<link rel=\"canonical\" href=\"https:\/\/dourocaptain.pt\/en\/politica-de-privacidade\/\" \/>\n<meta property=\"og:locale\" content=\"en_GB\" \/>\n<meta property=\"og:type\" content=\"article\" \/>\n<meta property=\"og:title\" content=\"Pol\u00edtica de Privacidade - Douro Captain\" \/>\n<meta property=\"og:description\" content=\"Pol\u00edtica de Privacidade Pol\u00edtica Privacidade A sua privacidade \u00e9 importante para n\u00f3s. \u00c9 pol\u00edtica do Douro Captain respeitar a sua privacidade em rela\u00e7\u00e3o a qualquer informa\u00e7\u00e3o sua que possamos coletar no site Douro Captain, e outros sites que possu\u00edmos e operamos. Solicitamos informa\u00e7\u00f5es pessoais apenas quando realmente precisamos delas para lhe fornecer um servi\u00e7o. Fazemo-lo por meios justos e legais, com o seu conhecimento e consentimento. Tamb\u00e9m informamos por que estamos coletando e como ser\u00e1 usado. Apenas retemos as informa\u00e7\u00f5es coletadas pelo tempo necess\u00e1rio para fornecer o servi\u00e7o solicitado. Quando armazenamos dados, protegemos dentro de meios comercialmente aceit\u00e1veis \u200b\u200bpara evitar perdas e roubos, bem como acesso, divulga\u00e7\u00e3o, c\u00f3pia, uso ou modifica\u00e7\u00e3o n\u00e3o autorizados. N\u00e3o compartilhamos informa\u00e7\u00f5es de identifica\u00e7\u00e3o pessoal publicamente ou com terceiros, exceto quando exigido por lei. O nosso site pode ter links para sites externos que n\u00e3o s\u00e3o operados por n\u00f3s. Esteja ciente de que n\u00e3o temos controle sobre o conte\u00fado e pr\u00e1ticas desses sites e n\u00e3o podemos aceitar responsabilidade por suas respectivas\u00a0pol\u00edticas de privacidade. Voc\u00ea \u00e9 livre para recusar a nossa solicita\u00e7\u00e3o de informa\u00e7\u00f5es pessoais, entendendo que talvez n\u00e3o possamos fornecer alguns dos servi\u00e7os desejados. O uso continuado de nosso site ser\u00e1 considerado como aceita\u00e7\u00e3o de nossas pr\u00e1ticas em torno de privacidade e informa\u00e7\u00f5es pessoais. Se voc\u00ea tiver alguma d\u00favida sobre como lidamos com dados do usu\u00e1rio e informa\u00e7\u00f5es pessoais, entre em contacto connosco. O servi\u00e7o Google AdSense que usamos para veicular publicidade usa um cookie DoubleClick para veicular an\u00fancios mais relevantes em toda a Web e limitar o n\u00famero de vezes que um determinado an\u00fancio \u00e9 exibido para voc\u00ea. Para mais informa\u00e7\u00f5es sobre o Google AdSense, consulte as FAQs oficiais sobre privacidade do Google AdSense. Utilizamos an\u00fancios para compensar os custos de funcionamento deste site e fornecer financiamento para futuros desenvolvimentos. Os cookies de publicidade comportamental usados \u200b\u200bpor este site foram projetados para garantir que voc\u00ea forne\u00e7a os an\u00fancios mais relevantes sempre que poss\u00edvel, rastreando anonimamente seus interesses e apresentando coisas semelhantes que possam ser do seu interesse. V\u00e1rios parceiros anunciam em nosso nome e os cookies de rastreamento de afiliados simplesmente nos permitem ver se nossos clientes acessaram o site atrav\u00e9s de um dos sites de nossos parceiros, para que possamos credit\u00e1-los adequadamente e, quando aplic\u00e1vel, permitir que nossos parceiros afiliados ofere\u00e7am qualquer promo\u00e7\u00e3o que pode fornec\u00ea-lo para fazer uma compra. Compromisso do Usu\u00e1rio O usu\u00e1rio se compromete a fazer uso adequado dos conte\u00fados e da informa\u00e7\u00e3o que o Douro Captain oferece no site e com car\u00e1ter enunciativo, mas n\u00e3o limitativo: A) N\u00e3o se envolver em atividades que sejam ilegais ou contr\u00e1rias \u00e0 boa f\u00e9 a \u00e0 ordem p\u00fablica; B) N\u00e3o difundir propaganda ou conte\u00fado de natureza racista, xenof\u00f3bica, jogos de sorte ou azar, qualquer tipo de pornografia ilegal, de apologia ao terrorismo ou contra os direitos humanos; C) N\u00e3o causar danos aos sistemas f\u00edsicos (hardwares) e l\u00f3gicos (softwares) do Douro Captain, de seus fornecedores ou terceiros, para introduzir ou disseminar v\u00edrus inform\u00e1ticos ou quaisquer outros sistemas de hardware ou software que sejam capazes de causar danos anteriormente mencionados. Mais informa\u00e7\u00f5es Esperemos que esteja esclarecido e, como mencionado anteriormente, se houver algo que voc\u00ea n\u00e3o tem certeza se precisa ou n\u00e3o, geralmente \u00e9 mais seguro deixar os cookies ativados, caso interaja com um dos recursos que voc\u00ea usa em nosso site. Esta pol\u00edtica \u00e9 efetiva a partir de\u00a016 May 2025 14:42\" \/>\n<meta property=\"og:url\" content=\"https:\/\/dourocaptain.pt\/en\/politica-de-privacidade\/\" \/>\n<meta property=\"og:site_name\" content=\"Douro Captain\" \/>\n<meta property=\"article:publisher\" content=\"https:\/\/www.facebook.com\/dourocaptainweb\" \/>\n<meta property=\"article:modified_time\" content=\"2025-07-03T19:22:27+00:00\" \/>\n<meta property=\"og:image\" content=\"https:\/\/dourocaptain.pt\/wp-content\/uploads\/2025\/07\/Design-sem-nome-14-1-e1751471866808.png\" \/>\n\t<meta property=\"og:image:width\" content=\"626\" \/>\n\t<meta property=\"og:image:height\" content=\"675\" \/>\n\t<meta property=\"og:image:type\" content=\"image\/png\" \/>\n<meta name=\"twitter:card\" content=\"summary_large_image\" \/>\n<meta name=\"twitter:label1\" content=\"Estimated reading time\" \/>\n\t<meta name=\"twitter:data1\" content=\"4 minutes\" \/>\n<script type=\"application\/ld+json\" class=\"yoast-schema-graph\">{\"@context\":\"https:\/\/schema.org\",\"@graph\":[{\"@type\":\"WebPage\",\"@id\":\"https:\/\/dourocaptain.pt\/pt\/politica-de-privacidade\/\",\"url\":\"https:\/\/dourocaptain.pt\/pt\/politica-de-privacidade\/\",\"name\":\"Pol\u00edtica de Privacidade - Douro Captain\",\"isPartOf\":{\"@id\":\"https:\/\/dourocaptain.pt\/#website\"},\"datePublished\":\"2025-05-16T14:35:41+00:00\",\"dateModified\":\"2025-07-03T19:22:27+00:00\",\"breadcrumb\":{\"@id\":\"https:\/\/dourocaptain.pt\/pt\/politica-de-privacidade\/#breadcrumb\"},\"inLanguage\":\"en-GB\",\"potentialAction\":[{\"@type\":\"ReadAction\",\"target\":[\"https:\/\/dourocaptain.pt\/pt\/politica-de-privacidade\/\"]}]},{\"@type\":\"BreadcrumbList\",\"@id\":\"https:\/\/dourocaptain.pt\/pt\/politica-de-privacidade\/#breadcrumb\",\"itemListElement\":[{\"@type\":\"ListItem\",\"position\":1,\"name\":\"In\u00edcio\",\"item\":\"https:\/\/dourocaptain.pt\/\"},{\"@type\":\"ListItem\",\"position\":2,\"name\":\"Pol\u00edtica de Privacidade\"}]},{\"@type\":\"WebSite\",\"@id\":\"https:\/\/dourocaptain.pt\/#website\",\"url\":\"https:\/\/dourocaptain.pt\/\",\"name\":\"Douro Captain\",\"description\":\"My WordPress Blog\",\"publisher\":{\"@id\":\"https:\/\/dourocaptain.pt\/#organization\"},\"alternateName\":\"Douro Captain\",\"potentialAction\":[{\"@type\":\"SearchAction\",\"target\":{\"@type\":\"EntryPoint\",\"urlTemplate\":\"https:\/\/dourocaptain.pt\/?s={search_term_string}\"},\"query-input\":{\"@type\":\"PropertyValueSpecification\",\"valueRequired\":true,\"valueName\":\"search_term_string\"}}],\"inLanguage\":\"en-GB\"},{\"@type\":\"Organization\",\"@id\":\"https:\/\/dourocaptain.pt\/#organization\",\"name\":\"Douro Captain\",\"url\":\"https:\/\/dourocaptain.pt\/\",\"logo\":{\"@type\":\"ImageObject\",\"inLanguage\":\"en-GB\",\"@id\":\"https:\/\/dourocaptain.pt\/#\/schema\/logo\/image\/\",\"url\":\"https:\/\/dourocaptain.pt\/wp-content\/uploads\/2023\/12\/Prancheta-9-e1745331002670.png\",\"contentUrl\":\"https:\/\/dourocaptain.pt\/wp-content\/uploads\/2023\/12\/Prancheta-9-e1745331002670.png\",\"width\":155,\"height\":208,\"caption\":\"Douro Captain\"},\"image\":{\"@id\":\"https:\/\/dourocaptain.pt\/#\/schema\/logo\/image\/\"},\"sameAs\":[\"https:\/\/www.facebook.com\/dourocaptainweb\",\"https:\/\/www.instagram.com\/dourocaptain\/#\"]}]}<\/script>\n<!-- \/ Yoast SEO plugin. -->","yoast_head_json":{"title":"Pol\u00edtica de Privacidade - Douro Captain","robots":{"index":"index","follow":"follow","max-snippet":"max-snippet:-1","max-image-preview":"max-image-preview:large","max-video-preview":"max-video-preview:-1"},"canonical":"https:\/\/dourocaptain.pt\/en\/politica-de-privacidade\/","og_locale":"en_GB","og_type":"article","og_title":"Pol\u00edtica de Privacidade - Douro Captain","og_description":"Pol\u00edtica de Privacidade Pol\u00edtica Privacidade A sua privacidade \u00e9 importante para n\u00f3s. \u00c9 pol\u00edtica do Douro Captain respeitar a sua privacidade em rela\u00e7\u00e3o a qualquer informa\u00e7\u00e3o sua que possamos coletar no site Douro Captain, e outros sites que possu\u00edmos e operamos. Solicitamos informa\u00e7\u00f5es pessoais apenas quando realmente precisamos delas para lhe fornecer um servi\u00e7o. Fazemo-lo por meios justos e legais, com o seu conhecimento e consentimento. Tamb\u00e9m informamos por que estamos coletando e como ser\u00e1 usado. Apenas retemos as informa\u00e7\u00f5es coletadas pelo tempo necess\u00e1rio para fornecer o servi\u00e7o solicitado. Quando armazenamos dados, protegemos dentro de meios comercialmente aceit\u00e1veis \u200b\u200bpara evitar perdas e roubos, bem como acesso, divulga\u00e7\u00e3o, c\u00f3pia, uso ou modifica\u00e7\u00e3o n\u00e3o autorizados. N\u00e3o compartilhamos informa\u00e7\u00f5es de identifica\u00e7\u00e3o pessoal publicamente ou com terceiros, exceto quando exigido por lei. O nosso site pode ter links para sites externos que n\u00e3o s\u00e3o operados por n\u00f3s. Esteja ciente de que n\u00e3o temos controle sobre o conte\u00fado e pr\u00e1ticas desses sites e n\u00e3o podemos aceitar responsabilidade por suas respectivas\u00a0pol\u00edticas de privacidade. Voc\u00ea \u00e9 livre para recusar a nossa solicita\u00e7\u00e3o de informa\u00e7\u00f5es pessoais, entendendo que talvez n\u00e3o possamos fornecer alguns dos servi\u00e7os desejados. O uso continuado de nosso site ser\u00e1 considerado como aceita\u00e7\u00e3o de nossas pr\u00e1ticas em torno de privacidade e informa\u00e7\u00f5es pessoais. Se voc\u00ea tiver alguma d\u00favida sobre como lidamos com dados do usu\u00e1rio e informa\u00e7\u00f5es pessoais, entre em contacto connosco. O servi\u00e7o Google AdSense que usamos para veicular publicidade usa um cookie DoubleClick para veicular an\u00fancios mais relevantes em toda a Web e limitar o n\u00famero de vezes que um determinado an\u00fancio \u00e9 exibido para voc\u00ea. Para mais informa\u00e7\u00f5es sobre o Google AdSense, consulte as FAQs oficiais sobre privacidade do Google AdSense. Utilizamos an\u00fancios para compensar os custos de funcionamento deste site e fornecer financiamento para futuros desenvolvimentos. Os cookies de publicidade comportamental usados \u200b\u200bpor este site foram projetados para garantir que voc\u00ea forne\u00e7a os an\u00fancios mais relevantes sempre que poss\u00edvel, rastreando anonimamente seus interesses e apresentando coisas semelhantes que possam ser do seu interesse. V\u00e1rios parceiros anunciam em nosso nome e os cookies de rastreamento de afiliados simplesmente nos permitem ver se nossos clientes acessaram o site atrav\u00e9s de um dos sites de nossos parceiros, para que possamos credit\u00e1-los adequadamente e, quando aplic\u00e1vel, permitir que nossos parceiros afiliados ofere\u00e7am qualquer promo\u00e7\u00e3o que pode fornec\u00ea-lo para fazer uma compra. Compromisso do Usu\u00e1rio O usu\u00e1rio se compromete a fazer uso adequado dos conte\u00fados e da informa\u00e7\u00e3o que o Douro Captain oferece no site e com car\u00e1ter enunciativo, mas n\u00e3o limitativo: A) N\u00e3o se envolver em atividades que sejam ilegais ou contr\u00e1rias \u00e0 boa f\u00e9 a \u00e0 ordem p\u00fablica; B) N\u00e3o difundir propaganda ou conte\u00fado de natureza racista, xenof\u00f3bica, jogos de sorte ou azar, qualquer tipo de pornografia ilegal, de apologia ao terrorismo ou contra os direitos humanos; C) N\u00e3o causar danos aos sistemas f\u00edsicos (hardwares) e l\u00f3gicos (softwares) do Douro Captain, de seus fornecedores ou terceiros, para introduzir ou disseminar v\u00edrus inform\u00e1ticos ou quaisquer outros sistemas de hardware ou software que sejam capazes de causar danos anteriormente mencionados. Mais informa\u00e7\u00f5es Esperemos que esteja esclarecido e, como mencionado anteriormente, se houver algo que voc\u00ea n\u00e3o tem certeza se precisa ou n\u00e3o, geralmente \u00e9 mais seguro deixar os cookies ativados, caso interaja com um dos recursos que voc\u00ea usa em nosso site. Esta pol\u00edtica \u00e9 efetiva a partir de\u00a016 May 2025 14:42","og_url":"https:\/\/dourocaptain.pt\/en\/politica-de-privacidade\/","og_site_name":"Douro Captain","article_publisher":"https:\/\/www.facebook.com\/dourocaptainweb","article_modified_time":"2025-07-03T19:22:27+00:00","og_image":[{"width":626,"height":675,"url":"https:\/\/dourocaptain.pt\/wp-content\/uploads\/2025\/07\/Design-sem-nome-14-1-e1751471866808.png","type":"image\/png"}],"twitter_card":"summary_large_image","twitter_misc":{"Estimated reading time":"4 minutes"},"schema":{"@context":"https:\/\/schema.org","@graph":[{"@type":"WebPage","@id":"https:\/\/dourocaptain.pt\/pt\/politica-de-privacidade\/","url":"https:\/\/dourocaptain.pt\/pt\/politica-de-privacidade\/","name":"Pol\u00edtica de Privacidade - Douro Captain","isPartOf":{"@id":"https:\/\/dourocaptain.pt\/#website"},"datePublished":"2025-05-16T14:35:41+00:00","dateModified":"2025-07-03T19:22:27+00:00","breadcrumb":{"@id":"https:\/\/dourocaptain.pt\/pt\/politica-de-privacidade\/#breadcrumb"},"inLanguage":"en-GB","potentialAction":[{"@type":"ReadAction","target":["https:\/\/dourocaptain.pt\/pt\/politica-de-privacidade\/"]}]},{"@type":"BreadcrumbList","@id":"https:\/\/dourocaptain.pt\/pt\/politica-de-privacidade\/#breadcrumb","itemListElement":[{"@type":"ListItem","position":1,"name":"In\u00edcio","item":"https:\/\/dourocaptain.pt\/"},{"@type":"ListItem","position":2,"name":"Pol\u00edtica de Privacidade"}]},{"@type":"WebSite","@id":"https:\/\/dourocaptain.pt\/#website","url":"https:\/\/dourocaptain.pt\/","name":"Douro Captain","description":"My WordPress Blog","publisher":{"@id":"https:\/\/dourocaptain.pt\/#organization"},"alternateName":"Douro Captain","potentialAction":[{"@type":"SearchAction","target":{"@type":"EntryPoint","urlTemplate":"https:\/\/dourocaptain.pt\/?s={search_term_string}"},"query-input":{"@type":"PropertyValueSpecification","valueRequired":true,"valueName":"search_term_string"}}],"inLanguage":"en-GB"},{"@type":"Organization","@id":"https:\/\/dourocaptain.pt\/#organization","name":"Douro Captain","url":"https:\/\/dourocaptain.pt\/","logo":{"@type":"ImageObject","inLanguage":"en-GB","@id":"https:\/\/dourocaptain.pt\/#\/schema\/logo\/image\/","url":"https:\/\/dourocaptain.pt\/wp-content\/uploads\/2023\/12\/Prancheta-9-e1745331002670.png","contentUrl":"https:\/\/dourocaptain.pt\/wp-content\/uploads\/2023\/12\/Prancheta-9-e1745331002670.png","width":155,"height":208,"caption":"Douro Captain"},"image":{"@id":"https:\/\/dourocaptain.pt\/#\/schema\/logo\/image\/"},"sameAs":["https:\/\/www.facebook.com\/dourocaptainweb","https:\/\/www.instagram.com\/dourocaptain\/#"]}]}},"_links":{"self":[{"href":"https:\/\/dourocaptain.pt\/en\/wp-json\/wp\/v2\/pages\/1001","targetHints":{"allow":["GET"]}}],"collection":[{"href":"https:\/\/dourocaptain.pt\/en\/wp-json\/wp\/v2\/pages"}],"about":[{"href":"https:\/\/dourocaptain.pt\/en\/wp-json\/wp\/v2\/types\/page"}],"author":[{"embeddable":true,"href":"https:\/\/dourocaptain.pt\/en\/wp-json\/wp\/v2\/users\/1"}],"replies":[{"embeddable":true,"href":"https:\/\/dourocaptain.pt\/en\/wp-json\/wp\/v2\/comments?post=1001"}],"version-history":[{"count":31,"href":"https:\/\/dourocaptain.pt\/en\/wp-json\/wp\/v2\/pages\/1001\/revisions"}],"predecessor-version":[{"id":2461,"href":"https:\/\/dourocaptain.pt\/en\/wp-json\/wp\/v2\/pages\/1001\/revisions\/2461"}],"wp:attachment":[{"href":"https:\/\/dourocaptain.pt\/en\/wp-json\/wp\/v2\/media?parent=1001"}],"curies":[{"name":"wp","href":"https:\/\/api.w.org\/{rel}","templated":true}]}}